{"id":802,"date":"2025-03-17T17:11:25","date_gmt":"2025-03-17T17:11:25","guid":{"rendered":"https:\/\/audoinconsulting.wakemeup-dns.com\/?page_id=802"},"modified":"2025-08-19T09:56:31","modified_gmt":"2025-08-19T09:56:31","slug":"clients","status":"publish","type":"page","link":"https:\/\/audoinconsulting.wakemeup-dns.com\/en\/clients\/","title":{"rendered":"Clients"},"content":{"rendered":"\n<div class=\"wp-block-columns alignwide is-style-section-2 has-base-background-color has-background is-layout-flex wp-container-core-columns-is-layout-cbe57604 wp-block-columns-is-layout-flex is-style-section-2--1\">\n<div class=\"wp-block-column is-style-section-2 has-base-background-color has-background is-layout-flow wp-block-column-is-layout-flow is-style-section-2--2\">\n<div class=\"wp-block-group is-layout-flow wp-block-group-is-layout-flow\" style=\"border-top-color:var(--wp--preset--color--accent-6);border-top-width:1px;padding-top:var(--wp--preset--spacing--30);padding-bottom:var(--wp--preset--spacing--30)\">\n<h3 class=\"wp-block-heading has-x-large-font-size\"><strong>Clients actuels :<\/strong><\/h3>\n\n\n\n<blockquote class=\"wp-block-quote is-layout-flow wp-block-quote-is-layout-flow\">\n<ul class=\"wp-block-list\">\n<li style=\"font-size:clamp(1.039rem, 1.039rem + ((1vw - 0.2rem) * 0.88), 1.6rem);\"><strong>Afalula \u2013 Agence fran\u00e7aise pour le d\u00e9veloppement d&#8217;AlUla<\/strong> (depuis 2023) : RSE Cr\u00e9ative, Art &#038; Environnement .<\/li>\n\n\n\n<li style=\"font-size:clamp(1.039rem, 1.039rem + ((1vw - 0.2rem) * 0.88), 1.6rem);\"><strong><mark style=\"background-color:rgba(0, 0, 0, 0)\" class=\"has-inline-color has-contrast-color\">Parfums Christian Dior<\/mark><\/strong> (depuis 2024) : RSE Cr\u00e9ative, Communication Responsable, Art &#038; Environnement, \u00c9tudes &#038; Formations.<\/li>\n\n\n\n<li style=\"font-size:clamp(1.039rem, 1.039rem + ((1vw - 0.2rem) * 0.88), 1.6rem);\"><strong>\u00c9cole des Arts D\u00e9coratifs<\/strong> (depuis 2022) : RSE Cr\u00e9ative, Art &#038; Environnement et commissariat d\u2019exposition.<\/li>\n\n\n\n<li style=\"font-size:clamp(1.039rem, 1.039rem + ((1vw - 0.2rem) * 0.88), 1.6rem);\"><strong>Givenchy Beauty<\/strong> (depuis 2025) : RSE Cr\u00e9ative, Communication Responsable. <\/li>\n\n\n\n<li style=\"font-size:clamp(1.039rem, 1.039rem + ((1vw - 0.2rem) * 0.88), 1.6rem);\"><strong>Kenzo Parfums<\/strong> (depuis 2024) : Communication Responsable pour le lancement du parfum &#8220;L&#8217;Eau Pure&#8221; <strong>.<\/strong><\/li>\n\n\n\n<li style=\"font-size:clamp(1.039rem, 1.039rem + ((1vw - 0.2rem) * 0.88), 1.6rem);\"><strong>LVMH<\/strong> (depuis 2019) : RSE Cr\u00e9ative, Communication Responsable, Art &#038; Environnement, \u00c9tudes &#038; Formations.<\/li>\n\n\n\n<li style=\"font-size:clamp(1.039rem, 1.039rem + ((1vw - 0.2rem) * 0.88), 1.6rem);\"><strong>ONF \u2013 Office National des For\u00eats<\/strong> (depuis 2021) : Art &#038; Environnement <\/li>\n\n\n\n<li style=\"font-size:clamp(1.039rem, 1.039rem + ((1vw - 0.2rem) * 0.88), 1.6rem);\"><strong>Ruinart<\/strong> (depuis 2018) : RSE Cr\u00e9ative, Art &#038; Environnement, \u00c9tudes &#038; Formations .<\/li>\n\n\n\n<li style=\"font-size:clamp(1.039rem, 1.039rem + ((1vw - 0.2rem) * 0.88), 1.6rem);\"><strong>UBS<\/strong> (depuis 2021) : RSE Cr\u00e9ative, Art &#038; Environnement, \u00c9tudes &#038; Formations .<\/li>\n\n\n\n<li style=\"font-size:clamp(1.039rem, 1.039rem + ((1vw - 0.2rem) * 0.88), 1.6rem);\"><strong>Groupe Vinci<\/strong> (depuis 2024) : RSE Cr\u00e9ative <\/li>\n\n\n\n<li style=\"font-size:clamp(1.039rem, 1.039rem + ((1vw - 0.2rem) * 0.88), 1.6rem);\"><strong>Vinci Airports<\/strong> (depuis 2019) : RSE Cr\u00e9ative, Communication Responsable, \u00c9tudes.<\/li>\n<\/ul>\n<\/blockquote>\n\n\n\n<p class=\"has-large-font-size\">Dans une d\u00e9marche de d\u00e9veloppement durable, <strong>l\u2019auto-\u00e9valuation ne suffit pas.<\/strong> C&#8217;est pourquoi nous avons recueilli <strong>les retours de nos clients<\/strong> :<\/p>\n<\/div>\n<\/div>\n<\/div>\n\n\n\n<div class=\"wp-block-group alignfull has-accent-5-background-color has-background has-global-padding is-content-justification-left is-layout-constrained wp-container-core-group-is-layout-2871531c wp-block-group-is-layout-constrained\" style=\"margin-top:0;margin-bottom:0\">\n<div class=\"wp-block-group alignfull has-accent-5-background-color has-background has-global-padding is-layout-constrained wp-block-group-is-layout-constrained\" style=\"margin-top:0;margin-bottom:0\">\n<div class=\"wp-block-group alignfull has-accent-5-background-color has-background has-global-padding is-layout-constrained wp-block-group-is-layout-constrained\" style=\"margin-top:0;margin-bottom:0\">\n<div class=\"wp-block-group alignwide has-accent-5-background-color has-background is-layout-flow wp-container-core-group-is-layout-d58a0413 wp-block-group-is-layout-flow\" style=\"padding-top:var(--wp--preset--spacing--50);padding-bottom:var(--wp--preset--spacing--50)\">\n<div class=\"wp-block-columns is-layout-flex wp-container-core-columns-is-layout-cbe57604 wp-block-columns-is-layout-flex\">\n<div class=\"wp-block-column is-layout-flow wp-block-column-is-layout-flow\">\n<div class=\"wp-block-group is-layout-flow wp-block-group-is-layout-flow\" style=\"border-top-color:var(--wp--preset--color--accent-6);border-top-width:1px;padding-top:var(--wp--preset--spacing--30);padding-bottom:var(--wp--preset--spacing--30)\">\n<h3 class=\"wp-block-heading\">C\u00e9cile Lochard, Directrice D\u00e9veloppement Durable, Parfum Christian Dior.<\/h3>\n\n\n\n<blockquote class=\"wp-block-quote is-layout-flow wp-block-quote-is-layout-flow\">\n<p>Cette magnifique compilation pr\u00e9sente un \u00e9ventail diversifi\u00e9 de photographies qui capturent l\u2019essence de diff\u00e9rentes \u00e9poques et cultures, refl\u00e9tant les styles et perspectives uniques de chaque artiste.<\/p>\n<\/blockquote>\n<\/div>\n<\/div>\n\n\n\n<div class=\"wp-block-column is-layout-flow wp-block-column-is-layout-flow\">\n<div class=\"wp-block-group is-layout-flow wp-block-group-is-layout-flow\" style=\"border-top-color:var(--wp--preset--color--accent-6);border-top-width:1px;padding-top:var(--wp--preset--spacing--30);padding-bottom:var(--wp--preset--spacing--30)\">\n<h3 class=\"wp-block-heading\">Combien le livre \u00ab&nbsp;Histoires&nbsp;\u00bb co\u00fbtera-t-il&nbsp;?<\/h3>\n\n\n\n<blockquote class=\"wp-block-quote is-layout-flow wp-block-quote-is-layout-flow\">\n<p>Cette magnifique compilation pr\u00e9sente un \u00e9ventail diversifi\u00e9 de photographies qui capturent l\u2019essence de diff\u00e9rentes \u00e9poques et cultures, refl\u00e9tant les styles et perspectives uniques de chaque artiste.<\/p>\n<\/blockquote>\n<\/div>\n<\/div>\n<\/div>\n<\/div>\n<\/div>\n<\/div>\n<\/div>\n\n\n\n<div class=\"wp-block-columns alignwide is-style-section-2 has-base-background-color has-background is-layout-flex wp-container-core-columns-is-layout-cbe57604 wp-block-columns-is-layout-flex is-style-section-2--3\">\n<div class=\"wp-block-column is-style-section-2 has-base-background-color has-background is-layout-flow wp-block-column-is-layout-flow is-style-section-2--4\">\n<div class=\"wp-block-group is-layout-flow wp-block-group-is-layout-flow\" style=\"border-top-color:var(--wp--preset--color--accent-6);border-top-width:1px;padding-top:var(--wp--preset--spacing--30);padding-bottom:var(--wp--preset--spacing--30)\">\n<h3 class=\"wp-block-heading is-style-text-subtitle is-style-text-subtitle--5\" style=\"font-size:clamp(0.875rem, 0.875rem + ((1vw - 0.2rem) * 0.667), 1.3rem);\"><strong>Quelques autres r\u00e9f\u00e9rences clients :<\/strong><br><br><strong>Agence Fran\u00e7aise pour la Biodiversit\u00e9<\/strong> (2010-2021) : Art &#038; Environnement (Commissariat d\u2019exposition) <strong>\/\/\/<\/strong>  <strong>Art Basel, MCH Group <\/strong>(2020) : RSE Cr\u00e9ative, Art &#038; Environnement <strong>\/\/\/  Art Paris Art Fair<\/strong> (2022) : Art &#038; Environnement, RSE Cr\u00e9ative <strong>\/\/\/  Bulgari<\/strong> (2020) : RSE Cr\u00e9ative, \u00c9tudes<strong> \/\/\/<\/strong> <strong> Euro Disney &#038; PVCP<\/strong> (2016-2018) Villages Nature : RSE Cr\u00e9ative, Art &#038; Environnement <strong>\/\/\/  Greenflex<\/strong> (2015-2019) : Communication Responsable, Art &#038; Environnement <strong>\/\/\/  Guerlain <\/strong>(2019-2024) : RSE Cr\u00e9ative, Communication Responsable, Art &#038; Environnement, membre du Sustainable Board, \u00c9tudes &#038; Formations <strong>\/\/\/  Herm\u00e8s <\/strong>(2023-2024) : RSE Cr\u00e9ative, Art &#038; Environnement, Formations <strong>\/\/\/<\/strong>  <strong>Hyundai Motor France<\/strong> (2021-2022) : RSE Cr\u00e9ative, Communication Responsable \/\/\/  <strong>Lille3000 <\/strong>(2020-2022) : Art &#038; Environnement <strong>\/\/\/<\/strong>  <strong>Louboutin<\/strong> (2019-2020) : RSE Cr\u00e9ative <strong>\/\/\/<\/strong>  <strong>Mairie de Lille <\/strong>(2019-2020) : Art &#038; Environnement, \u00c9tudes <strong>\/\/\/ <\/strong> <strong>Paris Europlace<\/strong> (2017-2018) : Communication Responsable : cr\u00e9ation et lancement de la marque Finance for Tomorrow <strong>\/\/\/<\/strong> <strong>Patinoire Royale Val\u00e9rie Bach (2022)<\/strong> : Art &#038; Environnement (Commissariat d\u2019exposition) <strong>\/\/\/<\/strong> <strong> Pernod Ricard<\/strong> (2019-2020) : RSE Cr\u00e9ative, \u00c9tudes : Art &#038; Environnement  <strong>\/\/\/<\/strong>  <strong>Photo \u00c9lys\u00e9e<\/strong> (2020) : RSE Cr\u00e9ative, Art &#038; Environnement, \u00c9tudes &#038; Formations <strong>\/\/\/<\/strong> <strong>R\u00e9gion Grand Est<\/strong> (2019-2020) : RSE Cr\u00e9ative, Art &#038; Environnement, \u00c9tudes <strong>\/\/\/<\/strong>  <strong>Relais &#038; Ch\u00e2teaux <\/strong>(2019-2023) : RSE Cr\u00e9ative, Communication Responsable, \u00c9tudes <strong>\/\/\/<\/strong> <strong> Ville de Rouen<\/strong> (2023) : Art &#038; Environnement<strong>&#8230;<\/strong><br><br><\/h3>\n<\/div>\n<\/div>\n<\/div>\n","protected":false},"excerpt":{"rendered":"<p>Clients actuels : Dans une d\u00e9marche de d\u00e9veloppement durable, l\u2019auto-\u00e9valuation ne suffit pas. C&#8217;est pourquoi nous avons recueilli les retours de nos clients : C\u00e9cile Lochard, Directrice D\u00e9veloppement Durable, Parfum Christian Dior. Cette magnifique compilation pr\u00e9sente un \u00e9ventail diversifi\u00e9 de photographies qui capturent l\u2019essence de diff\u00e9rentes \u00e9poques et cultures, refl\u00e9tant les styles et perspectives uniques [&hellip;]<\/p>\n","protected":false},"author":3,"featured_media":0,"parent":0,"menu_order":0,"comment_status":"closed","ping_status":"closed","template":"","meta":{"footnotes":""},"class_list":["post-802","page","type-page","status-publish","hentry"],"yoast_head":"<!-- This site is optimized with the Yoast SEO plugin v26.1.1 - https:\/\/yoast.com\/wordpress\/plugins\/seo\/ -->\n<title>Clients<\/title>\n<meta name=\"description\" content=\"Le cabinet Audouin Consulting accompagne \u00e0 l\u2019international les grandes maisons de luxe, l\u2019hospitalit\u00e9, l\u2019industrie et les m\u00e9tiers de la cr\u00e9ation, en int\u00e9grant excellence et engagement responsable.\" \/>\n<meta name=\"robots\" content=\"index, follow, max-snippet:-1, max-image-preview:large, max-video-preview:-1\" \/>\n<link rel=\"canonical\" href=\"https:\/\/audoinconsulting.wakemeup-dns.com\/en\/clients\/\" \/>\n<meta property=\"og:locale\" content=\"en_US\" \/>\n<meta property=\"og:locale:alternate\" content=\"fr_FR\" \/>\n<meta property=\"og:type\" content=\"article\" \/>\n<meta property=\"og:title\" content=\"Clients\" \/>\n<meta property=\"og:description\" content=\"Le cabinet Audouin Consulting accompagne \u00e0 l\u2019international les grandes maisons de luxe, l\u2019hospitalit\u00e9, l\u2019industrie et les m\u00e9tiers de la cr\u00e9ation, en int\u00e9grant excellence et engagement responsable.\" \/>\n<meta property=\"og:url\" content=\"https:\/\/audoinconsulting.wakemeup-dns.com\/en\/clients\/\" \/>\n<meta property=\"og:site_name\" content=\"AUDOUIN CONSULTING\" \/>\n<meta property=\"article:modified_time\" content=\"2025-08-19T09:56:31+00:00\" \/>\n<meta name=\"twitter:card\" content=\"summary_large_image\" \/>\n<meta name=\"twitter:label1\" content=\"Est. reading time\" \/>\n\t<meta name=\"twitter:data1\" content=\"2 minutes\" \/>\n<script type=\"application\/ld+json\" class=\"yoast-schema-graph\">{\"@context\":\"https:\/\/schema.org\",\"@graph\":[{\"@type\":\"WebPage\",\"@id\":\"https:\/\/audoinconsulting.wakemeup-dns.com\/en\/clients\/\",\"url\":\"https:\/\/audoinconsulting.wakemeup-dns.com\/en\/clients\/\",\"name\":\"Clients\",\"isPartOf\":{\"@id\":\"https:\/\/audoinconsulting.wakemeup-dns.com\/#website\"},\"datePublished\":\"2025-03-17T17:11:25+00:00\",\"dateModified\":\"2025-08-19T09:56:31+00:00\",\"description\":\"Le cabinet Audouin Consulting accompagne \u00e0 l\u2019international les grandes maisons de luxe, l\u2019hospitalit\u00e9, l\u2019industrie et les m\u00e9tiers de la cr\u00e9ation, en int\u00e9grant excellence et engagement responsable.\",\"breadcrumb\":{\"@id\":\"https:\/\/audoinconsulting.wakemeup-dns.com\/en\/clients\/#breadcrumb\"},\"inLanguage\":\"en-US\",\"potentialAction\":[{\"@type\":\"ReadAction\",\"target\":[\"https:\/\/audoinconsulting.wakemeup-dns.com\/en\/clients\/\"]}]},{\"@type\":\"BreadcrumbList\",\"@id\":\"https:\/\/audoinconsulting.wakemeup-dns.com\/en\/clients\/#breadcrumb\",\"itemListElement\":[{\"@type\":\"ListItem\",\"position\":1,\"name\":\"Accueil\",\"item\":\"https:\/\/audoinconsulting.wakemeup-dns.com\/\"},{\"@type\":\"ListItem\",\"position\":2,\"name\":\"Clients\"}]},{\"@type\":\"WebSite\",\"@id\":\"https:\/\/audoinconsulting.wakemeup-dns.com\/#website\",\"url\":\"https:\/\/audoinconsulting.wakemeup-dns.com\/\",\"name\":\"Audouin Consulting\",\"description\":\"Over 20 years of commitment to the environment\",\"publisher\":{\"@id\":\"https:\/\/audoinconsulting.wakemeup-dns.com\/#organization\"},\"potentialAction\":[{\"@type\":\"SearchAction\",\"target\":{\"@type\":\"EntryPoint\",\"urlTemplate\":\"https:\/\/audoinconsulting.wakemeup-dns.com\/?s={search_term_string}\"},\"query-input\":{\"@type\":\"PropertyValueSpecification\",\"valueRequired\":true,\"valueName\":\"search_term_string\"}}],\"inLanguage\":\"en-US\"},{\"@type\":\"Organization\",\"@id\":\"https:\/\/audoinconsulting.wakemeup-dns.com\/#organization\",\"name\":\"Audouin Consulting\",\"url\":\"https:\/\/audoinconsulting.wakemeup-dns.com\/\",\"logo\":{\"@type\":\"ImageObject\",\"inLanguage\":\"en-US\",\"@id\":\"https:\/\/audoinconsulting.wakemeup-dns.com\/#\/schema\/logo\/image\/\",\"url\":\"https:\/\/audoinconsulting.wakemeup-dns.com\/wp-content\/uploads\/2025\/02\/alice_audouin_consulting-2025-2.png\",\"contentUrl\":\"https:\/\/audoinconsulting.wakemeup-dns.com\/wp-content\/uploads\/2025\/02\/alice_audouin_consulting-2025-2.png\",\"width\":473,\"height\":189,\"caption\":\"Audouin Consulting\"},\"image\":{\"@id\":\"https:\/\/audoinconsulting.wakemeup-dns.com\/#\/schema\/logo\/image\/\"}}]}<\/script>\n<!-- \/ Yoast SEO plugin. -->","yoast_head_json":{"title":"Clients","description":"Le cabinet Audouin Consulting accompagne \u00e0 l\u2019international les grandes maisons de luxe, l\u2019hospitalit\u00e9, l\u2019industrie et les m\u00e9tiers de la cr\u00e9ation, en int\u00e9grant excellence et engagement responsable.","robots":{"index":"index","follow":"follow","max-snippet":"max-snippet:-1","max-image-preview":"max-image-preview:large","max-video-preview":"max-video-preview:-1"},"canonical":"https:\/\/audoinconsulting.wakemeup-dns.com\/en\/clients\/","og_locale":"en_US","og_type":"article","og_title":"[:fr]Clients[:] - AUDOUIN CONSULTING","og_description":"[:fr]Le cabinet Audouin Consulting accompagne \u00e0 l\u2019international les grandes maisons de luxe, l\u2019hospitalit\u00e9, l\u2019industrie et les m\u00e9tiers de la cr\u00e9ation, en int\u00e9grant excellence et engagement responsable.[:]","og_url":"https:\/\/audoinconsulting.wakemeup-dns.com\/en\/clients\/","og_site_name":"AUDOUIN CONSULTING","article_modified_time":"2025-08-19T09:56:31+00:00","twitter_card":"summary_large_image","twitter_misc":{"Est. reading time":"2 minutes"},"schema":{"@context":"https:\/\/schema.org","@graph":[{"@type":"WebPage","@id":"https:\/\/audoinconsulting.wakemeup-dns.com\/en\/clients\/","url":"https:\/\/audoinconsulting.wakemeup-dns.com\/en\/clients\/","name":"Clients","isPartOf":{"@id":"https:\/\/audoinconsulting.wakemeup-dns.com\/#website"},"datePublished":"2025-03-17T17:11:25+00:00","dateModified":"2025-08-19T09:56:31+00:00","description":"Le cabinet Audouin Consulting accompagne \u00e0 l\u2019international les grandes maisons de luxe, l\u2019hospitalit\u00e9, l\u2019industrie et les m\u00e9tiers de la cr\u00e9ation, en int\u00e9grant excellence et engagement responsable.","breadcrumb":{"@id":"https:\/\/audoinconsulting.wakemeup-dns.com\/en\/clients\/#breadcrumb"},"inLanguage":"en-US","potentialAction":[{"@type":"ReadAction","target":["https:\/\/audoinconsulting.wakemeup-dns.com\/en\/clients\/"]}]},{"@type":"BreadcrumbList","@id":"https:\/\/audoinconsulting.wakemeup-dns.com\/en\/clients\/#breadcrumb","itemListElement":[{"@type":"ListItem","position":1,"name":"Accueil","item":"https:\/\/audoinconsulting.wakemeup-dns.com\/"},{"@type":"ListItem","position":2,"name":"Clients"}]},{"@type":"WebSite","@id":"https:\/\/audoinconsulting.wakemeup-dns.com\/#website","url":"https:\/\/audoinconsulting.wakemeup-dns.com\/","name":"Audouin Consulting","description":"Over 20 years of commitment to the environment","publisher":{"@id":"https:\/\/audoinconsulting.wakemeup-dns.com\/#organization"},"potentialAction":[{"@type":"SearchAction","target":{"@type":"EntryPoint","urlTemplate":"https:\/\/audoinconsulting.wakemeup-dns.com\/?s={search_term_string}"},"query-input":{"@type":"PropertyValueSpecification","valueRequired":true,"valueName":"search_term_string"}}],"inLanguage":"en-US"},{"@type":"Organization","@id":"https:\/\/audoinconsulting.wakemeup-dns.com\/#organization","name":"Audouin Consulting","url":"https:\/\/audoinconsulting.wakemeup-dns.com\/","logo":{"@type":"ImageObject","inLanguage":"en-US","@id":"https:\/\/audoinconsulting.wakemeup-dns.com\/#\/schema\/logo\/image\/","url":"https:\/\/audoinconsulting.wakemeup-dns.com\/wp-content\/uploads\/2025\/02\/alice_audouin_consulting-2025-2.png","contentUrl":"https:\/\/audoinconsulting.wakemeup-dns.com\/wp-content\/uploads\/2025\/02\/alice_audouin_consulting-2025-2.png","width":473,"height":189,"caption":"Audouin Consulting"},"image":{"@id":"https:\/\/audoinconsulting.wakemeup-dns.com\/#\/schema\/logo\/image\/"}}]}},"_links":{"self":[{"href":"https:\/\/audoinconsulting.wakemeup-dns.com\/en\/wp-json\/wp\/v2\/pages\/802","targetHints":{"allow":["GET"]}}],"collection":[{"href":"https:\/\/audoinconsulting.wakemeup-dns.com\/en\/wp-json\/wp\/v2\/pages"}],"about":[{"href":"https:\/\/audoinconsulting.wakemeup-dns.com\/en\/wp-json\/wp\/v2\/types\/page"}],"author":[{"embeddable":true,"href":"https:\/\/audoinconsulting.wakemeup-dns.com\/en\/wp-json\/wp\/v2\/users\/3"}],"replies":[{"embeddable":true,"href":"https:\/\/audoinconsulting.wakemeup-dns.com\/en\/wp-json\/wp\/v2\/comments?post=802"}],"version-history":[{"count":32,"href":"https:\/\/audoinconsulting.wakemeup-dns.com\/en\/wp-json\/wp\/v2\/pages\/802\/revisions"}],"predecessor-version":[{"id":1491,"href":"https:\/\/audoinconsulting.wakemeup-dns.com\/en\/wp-json\/wp\/v2\/pages\/802\/revisions\/1491"}],"wp:attachment":[{"href":"https:\/\/audoinconsulting.wakemeup-dns.com\/en\/wp-json\/wp\/v2\/media?parent=802"}],"curies":[{"name":"wp","href":"https:\/\/api.w.org\/{rel}","templated":true}]}}