{"id":538,"date":"2025-03-12T10:50:51","date_gmt":"2025-03-12T10:50:51","guid":{"rendered":"https:\/\/audoinconsulting.wakemeup-dns.com\/?page_id=538"},"modified":"2025-08-19T08:43:01","modified_gmt":"2025-08-19T08:43:01","slug":"equipe-audouin-consulting","status":"publish","type":"page","link":"https:\/\/audoinconsulting.wakemeup-dns.com\/en\/equipe-audouin-consulting\/","title":{"rendered":"Team"},"content":{"rendered":"\n<div class=\"wp-block-cover alignfull is-light has-contrast-color has-text-color has-link-color wp-elements-c3fa127e02665ea4fc4b7d864c108de1\" style=\"margin-top:0;margin-bottom:0;padding-top:var(--wp--preset--spacing--60);padding-right:var(--wp--preset--spacing--50);padding-bottom:var(--wp--preset--spacing--60);padding-left:var(--wp--preset--spacing--50)\"><span aria-hidden=\"true\" class=\"wp-block-cover__background has-base-background-color has-background-dim-100 has-background-dim\"><\/span><div class=\"wp-block-cover__inner-container has-global-padding is-layout-constrained wp-container-core-cover-is-layout-873ee6b1 wp-block-cover-is-layout-constrained\">\n<div class=\"wp-block-columns alignwide is-layout-flex wp-container-core-columns-is-layout-7ee84d44 wp-block-columns-is-layout-flex\">\n<div class=\"wp-block-column is-layout-flow wp-block-column-is-layout-flow\" style=\"flex-basis:65%\">\n<div class=\"wp-block-group is-vertical is-content-justification-stretch is-layout-flex wp-container-core-group-is-layout-353c4f5a wp-block-group-is-layout-flex\">\n<p class=\"is-style-text-subtitle has-large-font-size is-style-text-subtitle--1\"><strong>Alice Audouin<\/strong><\/p>\n\n\n\n<p><em>Founder \u2013 CEO<\/em><\/p>\n\n\n\n<p>Alice Audouin is a trailblazer with over 25 years of experience at the intersection of <strong>sustainability, CSR, responsible communication<\/strong>, and <strong>contemporary art and the environment<\/strong>.<\/p>\n\n\n\n<p>As a consultant, curator, lecturer, teacher, author, and founder-president of the nonprofit <strong>Art of Change 21<\/strong>, Alice believes in embracing multiple perspectives to address the complexity of sustainability issues.<\/p>\n\n\n\n<p>A pioneer since 2001 with the launch of Novethic, she later spent 8 years as Head of Sustainability at the Havas Group. She co-founded <strong>C3D<\/strong>, <strong>COAL<\/strong>, and in 2014 created <strong>Art of Change 21<\/strong>, a global initiative linking art and climate action. For Alice, vision and creativity are essential drivers of change.<\/p>\n\n\n\n<p>She is the author of six books, including <em>\u201cBiocenosis. Art &#038; Biodiversity\u201d<\/em> and <em>\u201cNovacene. Art &#038; Climate Crisis\u201d<\/em> (FR\/EN, 2023, Lord Byron), <em>\u201cOn entend dire que\u2026 l\u2019\u00e9cologie c\u2019est fini\u201d<\/em> (Eyrolles\/Les \u00c9chos, 2013), <em>\u201cLa Communication Responsable\u201d<\/em> (Eyrolles, 2009\u20132010), and the novel <em>\u201cEcolocash\u201d<\/em> (Anabet, 2007).<\/p>\n\n\n\n<p>She has been awarded the <strong>Chevalier of the National Order of Merit<\/strong> and the <strong>Order of Arts and Letters<\/strong>.<\/p>\n\n\n\n<p>[LinkedIn] \u2013 [Instagram]<\/p>\n\n\n\n<hr class=\"wp-block-separator has-alpha-channel-opacity\"\/>\n\n\n\n<h3 class=\"wp-block-heading\"><strong>Oscar Bardet<\/strong><\/h3>\n\n\n\n<p><em>Junior Consultant<\/em><br><br>After earning a Master\u2019s degree in International Art Market, Oscar chose to place his expertise at the crossroads of contemporary creation and societal issues. His first experience with the Art and Culture Department at Maison Ruinart (2021\u20132022)\u2014a pioneer in bridging art, luxury, and sustainability\u2014allowed him to contribute to projects where creativity meets environmental responsibility.<\/p>\n\n\n\n<p>Since 2023, he has brought this transversal approach to his work at Audouin Consulting, contributing across all three areas: Creative CSR, Art for the Environment, and Responsible Communication. He focuses particularly on stakeholder engagement and brand strategy, convinced that art is a powerful lever to translate commitments into tangible experiences.<\/p>\n\n\n\n<p>Oscar also pays close attention to the expectations of Generations Y and Z, whom he views as decisive drivers of social and ecological transformation. By combining artistic expertise with an analysis of cultural shifts, he develops creative and inclusive solutions to help brands in their sustainability journey.<\/p>\n\n\n\n<p>[LinkedIn] \u2013 [Instagram]<\/p>\n\n\n\n<hr class=\"wp-block-separator has-alpha-channel-opacity\"\/>\n\n\n\n<h3 class=\"wp-block-heading\"><strong>C\u00e9cile Franzetti<\/strong><\/h3>\n\n\n\n<p><em>Senior Consultant<\/em><\/p>\n\n\n\n<p>After twenty years of international experience between New York, Paris, and London, C\u00e9cile decided to place her communication expertise in service of environmental transition. As Group Director and later European Business Development Director in leading UK agencies such as FITCH Design and Bulletproof Limited, she worked with global brands including Marks &#038; Spencer, Danone, Mondelez, and Kellogg\u2019s, advising them on brand and communication strategy.<\/p>\n\n\n\n<p>In 2020, she shifted her career path and deepened her knowledge at the Coll\u00e8ge des Hautes \u00c9tudes du D\u00e9veloppement Durable, Ecolearn, and the Institut des Futurs Souhaitables. Building on this solid foundation, along with a Master\u2019s degree in Corporate Communication from CELSA Sorbonne, she joined Audouin Consulting in 2021 as Senior Consultant.<\/p>\n\n\n\n<p>Convinced that cooperation and new narratives are at the heart of future transformations, she has specialized in collaborative design and the facilitation of complex issues. Her strength lies in connecting ideas, people, and projects to create sustainable collective dynamics. <\/p>\n\n\n\n<p><\/p>\n\n\n\n<p>[LinkedIn]<\/p>\n\n\n\n<hr class=\"wp-block-separator has-alpha-channel-opacity\"\/>\n\n\n\n<h3 class=\"wp-block-heading\"><strong>Sandrine Gintzburger<\/strong><\/h3>\n\n\n\n<p><em>Senior Consultant &#038; Head of Development<\/em><\/p>\n\n\n\n<p>After fifteen years in media and communication, Sandrine held senior management roles at Lagard\u00e8re Publicit\u00e9 and later led B2B and B2C digital strategies for the Marie Claire Group, building strong expertise in digital transformation, brand strategy, and communication.<\/p>\n\n\n\n<p>In 2015, she founded a pioneering consultancy dedicated to contemporary art for businesses. She developed an innovative offer combining corporate art acquisitions, the commissioning of bespoke works, and financing structures. Soci\u00e9t\u00e9 G\u00e9n\u00e9rale selected her as its first partner to finance artworks, positioning Sandrine as a key player at the intersection of art, business, and innovation.<\/p>\n\n\n\n<p>In 2020, she took a decisive turn towards environmental issues by joining Art of Change 21, an NGO connecting art and ecology. Since then, she has specialized in CSR strategy, responsible communication, sustainable media buying, and regulatory compliance. Today, as Senior Consultant at Audouin Consulting, she draws on her dual background in both corporate leadership and entrepreneurship, as well as her combined expertise in contemporary art and responsible communication, to help organizations implement measurable, transparent, and high-impact strategies.<\/p>\n<\/div>\n\n\n\n<hr class=\"wp-block-separator has-alpha-channel-opacity\"\/>\n\n\n\n<p><strong>Andrew Greenwood<\/strong><br><br><em>Senior Consultant, CSRD &#038; ESG Reporting<\/em><\/p>\n\n\n\n<p>After a 15-year career in the telecom sector in France and his native England, Andrew turned to sustainability in 2020. Ecological transition is now at the heart of both his professional work and his way of life.<\/p>\n\n\n\n<p>When not leading high-impact projects in sustainability strategy, regulatory compliance, ESG reporting, or low-carbon accounting and strategy (Andrew is certified in the Bilan Carbone\u00ae method), he can be found at dawn on a secluded beach in Greece, protecting sea turtles. For him, environmental action goes far beyond the professional sphere. It is a vocation that manifests both in the design of climate and sustainability roadmaps and in tangible, on-the-ground actions. For Andrew, commitment is not an option\u2014it is a responsibility at every level.<br><\/p>\n<\/div>\n\n\n\n<div class=\"wp-block-column is-layout-flow wp-block-column-is-layout-flow\" style=\"flex-basis:35%\">\n<div class=\"wp-block-group is-vertical is-content-justification-stretch is-nowrap is-layout-flex wp-container-core-group-is-layout-73b0033c wp-block-group-is-layout-flex\">\n<figure class=\"wp-block-image size-full wp-duotone-rgb504949-ccc-2\"><img loading=\"lazy\" decoding=\"async\" width=\"620\" height=\"819\" src=\"https:\/\/audoinconsulting.wakemeup-dns.com\/wp-content\/uploads\/2025\/03\/bf25e7a418e5c67a106a2b51f1b212b1.jpg\" alt=\"\" class=\"wp-image-571\" style=\"aspect-ratio:3\/4;object-fit:cover\" srcset=\"https:\/\/audoinconsulting.wakemeup-dns.com\/wp-content\/uploads\/2025\/03\/bf25e7a418e5c67a106a2b51f1b212b1.jpg 620w, https:\/\/audoinconsulting.wakemeup-dns.com\/wp-content\/uploads\/2025\/03\/bf25e7a418e5c67a106a2b51f1b212b1-227x300.jpg 227w\" sizes=\"auto, (max-width: 620px) 100vw, 620px\" \/><\/figure>\n\n\n\n<p class=\"has-text-align-right has-x-large-font-size\" style=\"line-height:1.2\"><\/p>\n<\/div>\n<\/div>\n<\/div>\n\n\n\n<div class=\"wp-block-group alignfull has-accent-6-background-color has-background has-global-padding is-layout-constrained wp-container-core-group-is-layout-0c9c989a wp-block-group-is-layout-constrained\" style=\"min-height:0vh;margin-top:0;margin-bottom:0;padding-top:var(--wp--preset--spacing--70);padding-right:var(--wp--preset--spacing--40);padding-bottom:var(--wp--preset--spacing--70);padding-left:var(--wp--preset--spacing--40)\">\n<div class=\"wp-block-group has-global-padding is-layout-constrained wp-container-core-group-is-layout-346627ba wp-block-group-is-layout-constrained\">\n<h2 class=\"wp-block-heading has-text-align-center has-xx-large-font-size\" style=\"margin-right:0;margin-left:0;padding-right:0;padding-left:0\">Ours collaborations<\/h2>\n\n\n\n<p class=\"has-text-align-center\">A selection of the brands and institutions we\u2019ve had the privilege to support<\/p>\n\n\n\n<div class=\"wp-block-buttons is-content-justification-center is-layout-flex wp-container-core-buttons-is-layout-a89b3969 wp-block-buttons-is-layout-flex\">\n<div class=\"wp-block-button\"><a class=\"wp-block-button__link wp-element-button\" href=\"https:\/\/audoinconsulting.wakemeup-dns.com\/references\/\">Explore our portfolio<\/a><\/div>\n<\/div>\n<\/div>\n<\/div>\n<\/div><\/div>\n","protected":false},"excerpt":{"rendered":"","protected":false},"author":3,"featured_media":0,"parent":0,"menu_order":0,"comment_status":"closed","ping_status":"closed","template":"","meta":{"footnotes":""},"class_list":["post-538","page","type-page","status-publish","hentry"],"yoast_head":"<!-- This site is optimized with the Yoast SEO plugin v26.1.1 - https:\/\/yoast.com\/wordpress\/plugins\/seo\/ -->\n<title>Team<\/title>\n<meta name=\"description\" content=\"Meet the team behind Audouin Consulting: a collective of experts in sustainability, art, and responsible communication, led by Alice Audouin.\" \/>\n<meta name=\"robots\" content=\"index, follow, max-snippet:-1, max-image-preview:large, max-video-preview:-1\" \/>\n<link rel=\"canonical\" href=\"https:\/\/audoinconsulting.wakemeup-dns.com\/en\/equipe-audouin-consulting\/\" \/>\n<meta property=\"og:locale\" content=\"en_US\" \/>\n<meta property=\"og:locale:alternate\" content=\"fr_FR\" \/>\n<meta property=\"og:type\" content=\"article\" \/>\n<meta property=\"og:title\" content=\"Team\" \/>\n<meta property=\"og:description\" content=\"Meet the team behind Audouin Consulting: a collective of experts in sustainability, art, and responsible communication, led by Alice Audouin.\" \/>\n<meta property=\"og:url\" content=\"https:\/\/audoinconsulting.wakemeup-dns.com\/en\/equipe-audouin-consulting\/\" \/>\n<meta property=\"og:site_name\" content=\"AUDOUIN CONSULTING\" \/>\n<meta property=\"article:modified_time\" content=\"2025-08-19T08:43:01+00:00\" \/>\n<meta property=\"og:image\" content=\"https:\/\/audoinconsulting.wakemeup-dns.com\/wp-content\/uploads\/2025\/03\/bf25e7a418e5c67a106a2b51f1b212b1.jpg\" \/>\n\t<meta property=\"og:image:width\" content=\"620\" \/>\n\t<meta property=\"og:image:height\" content=\"819\" \/>\n\t<meta property=\"og:image:type\" content=\"image\/jpeg\" \/>\n<meta name=\"twitter:card\" content=\"summary_large_image\" \/>\n<meta name=\"twitter:label1\" content=\"Est. reading time\" \/>\n\t<meta name=\"twitter:data1\" content=\"5 minutes\" \/>\n<script type=\"application\/ld+json\" class=\"yoast-schema-graph\">{\"@context\":\"https:\/\/schema.org\",\"@graph\":[{\"@type\":\"WebPage\",\"@id\":\"https:\/\/audoinconsulting.wakemeup-dns.com\/en\/equipe-audouin-consulting\/\",\"url\":\"https:\/\/audoinconsulting.wakemeup-dns.com\/en\/equipe-audouin-consulting\/\",\"name\":\"Team\",\"isPartOf\":{\"@id\":\"https:\/\/audoinconsulting.wakemeup-dns.com\/#website\"},\"primaryImageOfPage\":{\"@id\":\"https:\/\/audoinconsulting.wakemeup-dns.com\/en\/equipe-audouin-consulting\/#primaryimage\"},\"image\":{\"@id\":\"https:\/\/audoinconsulting.wakemeup-dns.com\/en\/equipe-audouin-consulting\/#primaryimage\"},\"thumbnailUrl\":\"https:\/\/audoinconsulting.wakemeup-dns.com\/wp-content\/uploads\/2025\/03\/bf25e7a418e5c67a106a2b51f1b212b1.jpg\",\"datePublished\":\"2025-03-12T10:50:51+00:00\",\"dateModified\":\"2025-08-19T08:43:01+00:00\",\"description\":\"Meet the team behind Audouin Consulting: a collective of experts in sustainability, art, and responsible communication, led by Alice Audouin.\",\"breadcrumb\":{\"@id\":\"https:\/\/audoinconsulting.wakemeup-dns.com\/en\/equipe-audouin-consulting\/#breadcrumb\"},\"inLanguage\":\"en-US\",\"potentialAction\":[{\"@type\":\"ReadAction\",\"target\":[\"https:\/\/audoinconsulting.wakemeup-dns.com\/en\/equipe-audouin-consulting\/\"]}]},{\"@type\":\"ImageObject\",\"inLanguage\":\"en-US\",\"@id\":\"https:\/\/audoinconsulting.wakemeup-dns.com\/en\/equipe-audouin-consulting\/#primaryimage\",\"url\":\"https:\/\/audoinconsulting.wakemeup-dns.com\/wp-content\/uploads\/2025\/03\/bf25e7a418e5c67a106a2b51f1b212b1.jpg\",\"contentUrl\":\"https:\/\/audoinconsulting.wakemeup-dns.com\/wp-content\/uploads\/2025\/03\/bf25e7a418e5c67a106a2b51f1b212b1.jpg\"},{\"@type\":\"BreadcrumbList\",\"@id\":\"https:\/\/audoinconsulting.wakemeup-dns.com\/en\/equipe-audouin-consulting\/#breadcrumb\",\"itemListElement\":[{\"@type\":\"ListItem\",\"position\":1,\"name\":\"Accueil\",\"item\":\"https:\/\/audoinconsulting.wakemeup-dns.com\/\"},{\"@type\":\"ListItem\",\"position\":2,\"name\":\"Team\"}]},{\"@type\":\"WebSite\",\"@id\":\"https:\/\/audoinconsulting.wakemeup-dns.com\/#website\",\"url\":\"https:\/\/audoinconsulting.wakemeup-dns.com\/\",\"name\":\"Audouin Consulting\",\"description\":\"Over 20 years of commitment to the environment\",\"publisher\":{\"@id\":\"https:\/\/audoinconsulting.wakemeup-dns.com\/#organization\"},\"potentialAction\":[{\"@type\":\"SearchAction\",\"target\":{\"@type\":\"EntryPoint\",\"urlTemplate\":\"https:\/\/audoinconsulting.wakemeup-dns.com\/?s={search_term_string}\"},\"query-input\":{\"@type\":\"PropertyValueSpecification\",\"valueRequired\":true,\"valueName\":\"search_term_string\"}}],\"inLanguage\":\"en-US\"},{\"@type\":\"Organization\",\"@id\":\"https:\/\/audoinconsulting.wakemeup-dns.com\/#organization\",\"name\":\"Audouin Consulting\",\"url\":\"https:\/\/audoinconsulting.wakemeup-dns.com\/\",\"logo\":{\"@type\":\"ImageObject\",\"inLanguage\":\"en-US\",\"@id\":\"https:\/\/audoinconsulting.wakemeup-dns.com\/#\/schema\/logo\/image\/\",\"url\":\"https:\/\/audoinconsulting.wakemeup-dns.com\/wp-content\/uploads\/2025\/02\/alice_audouin_consulting-2025-2.png\",\"contentUrl\":\"https:\/\/audoinconsulting.wakemeup-dns.com\/wp-content\/uploads\/2025\/02\/alice_audouin_consulting-2025-2.png\",\"width\":473,\"height\":189,\"caption\":\"Audouin Consulting\"},\"image\":{\"@id\":\"https:\/\/audoinconsulting.wakemeup-dns.com\/#\/schema\/logo\/image\/\"}}]}<\/script>\n<!-- \/ Yoast SEO plugin. -->","yoast_head_json":{"title":"Team","description":"Meet the team behind Audouin Consulting: a collective of experts in sustainability, art, and responsible communication, led by Alice Audouin.","robots":{"index":"index","follow":"follow","max-snippet":"max-snippet:-1","max-image-preview":"max-image-preview:large","max-video-preview":"max-video-preview:-1"},"canonical":"https:\/\/audoinconsulting.wakemeup-dns.com\/en\/equipe-audouin-consulting\/","og_locale":"en_US","og_type":"article","og_title":"[:fr]Equipe[:en]Team[:] - AUDOUIN CONSULTING","og_description":"[:fr]L'\u00e9quipe du cabinet Audouin Consulting poss\u00e8de une triple expertise en : Communication Responsable, D\u00e9veloppement Durable et Art, lui conf\u00e9rant une approche unique et orient\u00e9e innovation.[:en]Meet the team behind Audouin Consulting: a collective of experts in sustainability, art, and responsible communication, led by Alice Audouin.[:]","og_url":"https:\/\/audoinconsulting.wakemeup-dns.com\/en\/equipe-audouin-consulting\/","og_site_name":"AUDOUIN CONSULTING","article_modified_time":"2025-08-19T08:43:01+00:00","og_image":[{"width":620,"height":819,"url":"https:\/\/audoinconsulting.wakemeup-dns.com\/wp-content\/uploads\/2025\/03\/bf25e7a418e5c67a106a2b51f1b212b1.jpg","type":"image\/jpeg"}],"twitter_card":"summary_large_image","twitter_misc":{"Est. reading time":"5 minutes"},"schema":{"@context":"https:\/\/schema.org","@graph":[{"@type":"WebPage","@id":"https:\/\/audoinconsulting.wakemeup-dns.com\/en\/equipe-audouin-consulting\/","url":"https:\/\/audoinconsulting.wakemeup-dns.com\/en\/equipe-audouin-consulting\/","name":"Team","isPartOf":{"@id":"https:\/\/audoinconsulting.wakemeup-dns.com\/#website"},"primaryImageOfPage":{"@id":"https:\/\/audoinconsulting.wakemeup-dns.com\/en\/equipe-audouin-consulting\/#primaryimage"},"image":{"@id":"https:\/\/audoinconsulting.wakemeup-dns.com\/en\/equipe-audouin-consulting\/#primaryimage"},"thumbnailUrl":"https:\/\/audoinconsulting.wakemeup-dns.com\/wp-content\/uploads\/2025\/03\/bf25e7a418e5c67a106a2b51f1b212b1.jpg","datePublished":"2025-03-12T10:50:51+00:00","dateModified":"2025-08-19T08:43:01+00:00","description":"Meet the team behind Audouin Consulting: a collective of experts in sustainability, art, and responsible communication, led by Alice Audouin.","breadcrumb":{"@id":"https:\/\/audoinconsulting.wakemeup-dns.com\/en\/equipe-audouin-consulting\/#breadcrumb"},"inLanguage":"en-US","potentialAction":[{"@type":"ReadAction","target":["https:\/\/audoinconsulting.wakemeup-dns.com\/en\/equipe-audouin-consulting\/"]}]},{"@type":"ImageObject","inLanguage":"en-US","@id":"https:\/\/audoinconsulting.wakemeup-dns.com\/en\/equipe-audouin-consulting\/#primaryimage","url":"https:\/\/audoinconsulting.wakemeup-dns.com\/wp-content\/uploads\/2025\/03\/bf25e7a418e5c67a106a2b51f1b212b1.jpg","contentUrl":"https:\/\/audoinconsulting.wakemeup-dns.com\/wp-content\/uploads\/2025\/03\/bf25e7a418e5c67a106a2b51f1b212b1.jpg"},{"@type":"BreadcrumbList","@id":"https:\/\/audoinconsulting.wakemeup-dns.com\/en\/equipe-audouin-consulting\/#breadcrumb","itemListElement":[{"@type":"ListItem","position":1,"name":"Accueil","item":"https:\/\/audoinconsulting.wakemeup-dns.com\/"},{"@type":"ListItem","position":2,"name":"Team"}]},{"@type":"WebSite","@id":"https:\/\/audoinconsulting.wakemeup-dns.com\/#website","url":"https:\/\/audoinconsulting.wakemeup-dns.com\/","name":"Audouin Consulting","description":"Over 20 years of commitment to the environment","publisher":{"@id":"https:\/\/audoinconsulting.wakemeup-dns.com\/#organization"},"potentialAction":[{"@type":"SearchAction","target":{"@type":"EntryPoint","urlTemplate":"https:\/\/audoinconsulting.wakemeup-dns.com\/?s={search_term_string}"},"query-input":{"@type":"PropertyValueSpecification","valueRequired":true,"valueName":"search_term_string"}}],"inLanguage":"en-US"},{"@type":"Organization","@id":"https:\/\/audoinconsulting.wakemeup-dns.com\/#organization","name":"Audouin Consulting","url":"https:\/\/audoinconsulting.wakemeup-dns.com\/","logo":{"@type":"ImageObject","inLanguage":"en-US","@id":"https:\/\/audoinconsulting.wakemeup-dns.com\/#\/schema\/logo\/image\/","url":"https:\/\/audoinconsulting.wakemeup-dns.com\/wp-content\/uploads\/2025\/02\/alice_audouin_consulting-2025-2.png","contentUrl":"https:\/\/audoinconsulting.wakemeup-dns.com\/wp-content\/uploads\/2025\/02\/alice_audouin_consulting-2025-2.png","width":473,"height":189,"caption":"Audouin Consulting"},"image":{"@id":"https:\/\/audoinconsulting.wakemeup-dns.com\/#\/schema\/logo\/image\/"}}]}},"_links":{"self":[{"href":"https:\/\/audoinconsulting.wakemeup-dns.com\/en\/wp-json\/wp\/v2\/pages\/538","targetHints":{"allow":["GET"]}}],"collection":[{"href":"https:\/\/audoinconsulting.wakemeup-dns.com\/en\/wp-json\/wp\/v2\/pages"}],"about":[{"href":"https:\/\/audoinconsulting.wakemeup-dns.com\/en\/wp-json\/wp\/v2\/types\/page"}],"author":[{"embeddable":true,"href":"https:\/\/audoinconsulting.wakemeup-dns.com\/en\/wp-json\/wp\/v2\/users\/3"}],"replies":[{"embeddable":true,"href":"https:\/\/audoinconsulting.wakemeup-dns.com\/en\/wp-json\/wp\/v2\/comments?post=538"}],"version-history":[{"count":43,"href":"https:\/\/audoinconsulting.wakemeup-dns.com\/en\/wp-json\/wp\/v2\/pages\/538\/revisions"}],"predecessor-version":[{"id":1465,"href":"https:\/\/audoinconsulting.wakemeup-dns.com\/en\/wp-json\/wp\/v2\/pages\/538\/revisions\/1465"}],"wp:attachment":[{"href":"https:\/\/audoinconsulting.wakemeup-dns.com\/en\/wp-json\/wp\/v2\/media?parent=538"}],"curies":[{"name":"wp","href":"https:\/\/api.w.org\/{rel}","templated":true}]}}