{"id":1323,"date":"2025-07-25T15:04:42","date_gmt":"2025-07-25T15:04:42","guid":{"rendered":"https:\/\/audoinconsulting.wakemeup-dns.com\/en\/?page_id=1323"},"modified":"2025-08-19T09:02:16","modified_gmt":"2025-08-19T09:02:16","slug":"about-us-ok","status":"publish","type":"page","link":"https:\/\/audoinconsulting.wakemeup-dns.com\/en\/about-us-ok\/","title":{"rendered":"About us"},"content":{"rendered":"\n<div class=\"wp-block-cover alignfull is-light has-custom-content-position is-position-bottom-center wp-duotone-unset-3\" style=\"margin-top:0;margin-bottom:0;padding-top:var(--wp--preset--spacing--50);padding-right:var(--wp--preset--spacing--50);padding-bottom:var(--wp--preset--spacing--50);padding-left:var(--wp--preset--spacing--50);min-height:406px;aspect-ratio:unset;\"><span aria-hidden=\"true\" class=\"wp-block-cover__background has-accent-5-background-color has-background-dim-10 has-background-dim\"><\/span><div class=\"wp-block-cover__inner-container has-global-padding is-layout-constrained wp-container-core-cover-is-layout-d89aad35 wp-block-cover-is-layout-constrained\">\n<div class=\"wp-block-group alignfull is-style-section-3 has-accent-5-background-color has-background has-global-padding is-layout-constrained wp-block-group-is-layout-constrained is-style-section-3--1\" style=\"margin-top:0;margin-bottom:0;padding-top:var(--wp--preset--spacing--60);padding-bottom:var(--wp--preset--spacing--60)\">\n<div class=\"wp-block-columns alignwide is-layout-flex wp-container-core-columns-is-layout-74b2cda3 wp-block-columns-is-layout-flex\">\n<div class=\"wp-block-column is-layout-flow wp-block-column-is-layout-flow\">\n<p class=\"has-contrast-color has-text-color has-link-color has-x-large-font-size wp-elements-eb4ec9b0f8a519820722ef4ef45f0012\"><strong>Audouin Consulting is a pioneering advisory firm at the crossroads of sustainability, contemporary art, and communication.<\/strong><\/p>\n\n\n\n<p>It brings together three core areas of expertise:<br><strong>Creative CSR &#038; Sustainability<\/strong>, <strong>Responsible Communication<\/strong>, and <strong>Contemporary Art &#038; Environment<\/strong>.<\/p>\n\n\n\n<p>Audouin Consulting approaches CSR as a forward-thinking strategy to help organizations anticipate and adapt to major societal and environmental shifts. The firm integrates artistic and creative insight as a powerful lever for differentiation and engagement.<\/p>\n\n\n\n<p>It advises leading institutions across the cultural, luxury, and industrial sectors, opening up new, desirable creative pathways in the field of sustainability. The firm draws on a global network of artists, designers, and experts.<\/p>\n\n\n\n<p>Audouin Consulting is built on the visionary and multidisciplinary career of its founder, Alice Audouin \u2014 a trailblazer for over 20 years in sustainability, responsible communication, and the intersection of art and the environment. She leads a diverse, cross-functional team supported by a strong network of strategic partners.<\/p>\n\n\n\n<p>The firm\u2019s vision is further enriched by a deep international nonprofit commitment. Alice Audouin is also the founder of <strong>Art of Change 21<\/strong>, a leading organization dedicated to the fusion of contemporary art and environmental action.<\/p>\n\n\n\n<p class=\"has-contrast-color has-text-color has-link-color has-large-font-size wp-elements-e0fcd0a22c8557ca4b698666127997b2\"><strong><a href=\"https:\/\/artofchange21.com\/en\/home\/\">Art of Change 21<\/a><\/strong>, certified by <strong>1% for the Planet<\/strong>, is the creator of the <strong>Art Eco-Conception Prize<\/strong>. Since 2014, it has collaborated with some of the world\u2019s most prominent environmentally engaged artists and has played a key role at the UN Climate COPs for over a decade.<\/p>\n<\/div>\n\n\n\n<div class=\"wp-block-column is-layout-flow wp-block-column-is-layout-flow\" style=\"padding-top:0;padding-right:0;padding-bottom:0;padding-left:0\">\n<figure class=\"wp-block-image aligncenter size-full is-resized wp-duotone-333-rgb204204204-2\"><img loading=\"lazy\" decoding=\"async\" width=\"710\" height=\"810\" src=\"https:\/\/audoinconsulting.wakemeup-dns.com\/wp-content\/uploads\/2025\/03\/image.png\" alt=\"\" class=\"wp-image-607\" style=\"aspect-ratio:3\/4;object-fit:cover;width:401px;height:auto\" srcset=\"https:\/\/audoinconsulting.wakemeup-dns.com\/wp-content\/uploads\/2025\/03\/image.png 710w, https:\/\/audoinconsulting.wakemeup-dns.com\/wp-content\/uploads\/2025\/03\/image-263x300.png 263w\" sizes=\"auto, (max-width: 710px) 100vw, 710px\" \/><\/figure>\n<\/div>\n<\/div>\n<\/div>\n<\/div><\/div>\n\n\n\n<div class=\"wp-block-group alignfull has-accent-6-background-color has-background has-global-padding is-layout-constrained wp-container-core-group-is-layout-0c9c989a wp-block-group-is-layout-constrained\" style=\"min-height:0vh;margin-top:0;margin-bottom:0;padding-top:var(--wp--preset--spacing--70);padding-right:var(--wp--preset--spacing--40);padding-bottom:var(--wp--preset--spacing--70);padding-left:var(--wp--preset--spacing--40)\">\n<div class=\"wp-block-group has-global-padding is-layout-constrained wp-container-core-group-is-layout-346627ba wp-block-group-is-layout-constrained\">\n<h2 class=\"wp-block-heading has-text-align-center has-xx-large-font-size\" style=\"margin-right:0;margin-left:0;padding-right:0;padding-left:0\">How to contact us?<\/h2>\n\n\n\n<div class=\"wp-block-buttons is-content-justification-center is-layout-flex wp-container-core-buttons-is-layout-a89b3969 wp-block-buttons-is-layout-flex\">\n<div class=\"wp-block-button\"><a class=\"wp-block-button__link wp-element-button\">Contact<\/a><\/div>\n<\/div>\n<\/div>\n<\/div>\n","protected":false},"excerpt":{"rendered":"<p>How to contact us?<\/p>\n","protected":false},"author":3,"featured_media":0,"parent":0,"menu_order":1,"comment_status":"closed","ping_status":"closed","template":"","meta":{"footnotes":""},"class_list":["post-1323","page","type-page","status-publish","hentry"],"yoast_head":"<!-- This site is optimized with the Yoast SEO plugin v26.1.1 - https:\/\/yoast.com\/wordpress\/plugins\/seo\/ -->\n<title>About us<\/title>\n<meta name=\"description\" content=\"Le cabinet Audouin Consulting sp\u00e9cialiste en RSE Cr\u00e9ative, Communication Responsable et en Art engag\u00e9 pour l\u2019Environnement qui lui conf\u00e8re un positionnement et une approche unique.\" \/>\n<meta name=\"robots\" content=\"index, follow, max-snippet:-1, max-image-preview:large, max-video-preview:-1\" \/>\n<link rel=\"canonical\" href=\"https:\/\/audoinconsulting.wakemeup-dns.com\/en\/about-us-ok\/\" \/>\n<meta property=\"og:locale\" content=\"en_US\" \/>\n<meta property=\"og:locale:alternate\" content=\"fr_FR\" \/>\n<meta property=\"og:type\" content=\"article\" \/>\n<meta property=\"og:title\" content=\"About us\" \/>\n<meta property=\"og:description\" content=\"Le cabinet Audouin Consulting sp\u00e9cialiste en RSE Cr\u00e9ative, Communication Responsable et en Art engag\u00e9 pour l\u2019Environnement qui lui conf\u00e8re un positionnement et une approche unique.\" \/>\n<meta property=\"og:url\" content=\"https:\/\/audoinconsulting.wakemeup-dns.com\/en\/about-us-ok\/\" \/>\n<meta property=\"og:site_name\" content=\"AUDOUIN CONSULTING\" \/>\n<meta property=\"article:modified_time\" content=\"2025-08-19T09:02:16+00:00\" \/>\n<meta property=\"og:image\" content=\"https:\/\/audoinconsulting.wakemeup-dns.com\/wp-content\/uploads\/2025\/03\/image.png\" \/>\n\t<meta property=\"og:image:width\" content=\"710\" \/>\n\t<meta property=\"og:image:height\" content=\"810\" \/>\n\t<meta property=\"og:image:type\" content=\"image\/png\" \/>\n<meta name=\"twitter:card\" content=\"summary_large_image\" \/>\n<meta name=\"twitter:label1\" content=\"Est. reading time\" \/>\n\t<meta name=\"twitter:data1\" content=\"2 minutes\" \/>\n<script type=\"application\/ld+json\" class=\"yoast-schema-graph\">{\"@context\":\"https:\/\/schema.org\",\"@graph\":[{\"@type\":\"WebPage\",\"@id\":\"https:\/\/audoinconsulting.wakemeup-dns.com\/about-us-ok\/\",\"url\":\"https:\/\/audoinconsulting.wakemeup-dns.com\/about-us-ok\/\",\"name\":\"About us\",\"isPartOf\":{\"@id\":\"https:\/\/audoinconsulting.wakemeup-dns.com\/#website\"},\"primaryImageOfPage\":{\"@id\":\"https:\/\/audoinconsulting.wakemeup-dns.com\/about-us-ok\/#primaryimage\"},\"image\":{\"@id\":\"https:\/\/audoinconsulting.wakemeup-dns.com\/about-us-ok\/#primaryimage\"},\"thumbnailUrl\":\"https:\/\/audoinconsulting.wakemeup-dns.com\/wp-content\/uploads\/2025\/03\/image.png\",\"datePublished\":\"2025-07-25T15:04:42+00:00\",\"dateModified\":\"2025-08-19T09:02:16+00:00\",\"description\":\"Le cabinet Audouin Consulting sp\u00e9cialiste en RSE Cr\u00e9ative, Communication Responsable et en Art engag\u00e9 pour l\u2019Environnement qui lui conf\u00e8re un positionnement et une approche unique.\",\"breadcrumb\":{\"@id\":\"https:\/\/audoinconsulting.wakemeup-dns.com\/about-us-ok\/#breadcrumb\"},\"inLanguage\":\"en-US\",\"potentialAction\":[{\"@type\":\"ReadAction\",\"target\":[\"https:\/\/audoinconsulting.wakemeup-dns.com\/about-us-ok\/\"]}]},{\"@type\":\"ImageObject\",\"inLanguage\":\"en-US\",\"@id\":\"https:\/\/audoinconsulting.wakemeup-dns.com\/about-us-ok\/#primaryimage\",\"url\":\"https:\/\/audoinconsulting.wakemeup-dns.com\/wp-content\/uploads\/2025\/03\/image.png\",\"contentUrl\":\"https:\/\/audoinconsulting.wakemeup-dns.com\/wp-content\/uploads\/2025\/03\/image.png\"},{\"@type\":\"BreadcrumbList\",\"@id\":\"https:\/\/audoinconsulting.wakemeup-dns.com\/about-us-ok\/#breadcrumb\",\"itemListElement\":[{\"@type\":\"ListItem\",\"position\":1,\"name\":\"Accueil\",\"item\":\"https:\/\/audoinconsulting.wakemeup-dns.com\/\"},{\"@type\":\"ListItem\",\"position\":2,\"name\":\"A Propos\"}]},{\"@type\":\"WebSite\",\"@id\":\"https:\/\/audoinconsulting.wakemeup-dns.com\/#website\",\"url\":\"https:\/\/audoinconsulting.wakemeup-dns.com\/\",\"name\":\"Audouin Consulting\",\"description\":\"Over 20 years of commitment to the environment\",\"publisher\":{\"@id\":\"https:\/\/audoinconsulting.wakemeup-dns.com\/#organization\"},\"potentialAction\":[{\"@type\":\"SearchAction\",\"target\":{\"@type\":\"EntryPoint\",\"urlTemplate\":\"https:\/\/audoinconsulting.wakemeup-dns.com\/?s={search_term_string}\"},\"query-input\":{\"@type\":\"PropertyValueSpecification\",\"valueRequired\":true,\"valueName\":\"search_term_string\"}}],\"inLanguage\":\"en-US\"},{\"@type\":\"Organization\",\"@id\":\"https:\/\/audoinconsulting.wakemeup-dns.com\/#organization\",\"name\":\"Audouin Consulting\",\"url\":\"https:\/\/audoinconsulting.wakemeup-dns.com\/\",\"logo\":{\"@type\":\"ImageObject\",\"inLanguage\":\"en-US\",\"@id\":\"https:\/\/audoinconsulting.wakemeup-dns.com\/#\/schema\/logo\/image\/\",\"url\":\"https:\/\/audoinconsulting.wakemeup-dns.com\/wp-content\/uploads\/2025\/02\/alice_audouin_consulting-2025-2.png\",\"contentUrl\":\"https:\/\/audoinconsulting.wakemeup-dns.com\/wp-content\/uploads\/2025\/02\/alice_audouin_consulting-2025-2.png\",\"width\":473,\"height\":189,\"caption\":\"Audouin Consulting\"},\"image\":{\"@id\":\"https:\/\/audoinconsulting.wakemeup-dns.com\/#\/schema\/logo\/image\/\"}}]}<\/script>\n<!-- \/ Yoast SEO plugin. -->","yoast_head_json":{"title":"About us","description":"Le cabinet Audouin Consulting sp\u00e9cialiste en RSE Cr\u00e9ative, Communication Responsable et en Art engag\u00e9 pour l\u2019Environnement qui lui conf\u00e8re un positionnement et une approche unique.","robots":{"index":"index","follow":"follow","max-snippet":"max-snippet:-1","max-image-preview":"max-image-preview:large","max-video-preview":"max-video-preview:-1"},"canonical":"https:\/\/audoinconsulting.wakemeup-dns.com\/en\/about-us-ok\/","og_locale":"en_US","og_type":"article","og_title":"[:fr]A Propos[:en]About us[:] - AUDOUIN CONSULTING","og_description":"[:en]Le cabinet Audouin Consulting sp\u00e9cialiste en RSE Cr\u00e9ative, Communication Responsable et en Art engag\u00e9 pour l\u2019Environnement qui lui conf\u00e8re un positionnement et une approche unique.[:]","og_url":"https:\/\/audoinconsulting.wakemeup-dns.com\/en\/about-us-ok\/","og_site_name":"AUDOUIN CONSULTING","article_modified_time":"2025-08-19T09:02:16+00:00","og_image":[{"width":710,"height":810,"url":"https:\/\/audoinconsulting.wakemeup-dns.com\/wp-content\/uploads\/2025\/03\/image.png","type":"image\/png"}],"twitter_card":"summary_large_image","twitter_misc":{"Est. reading time":"2 minutes"},"schema":{"@context":"https:\/\/schema.org","@graph":[{"@type":"WebPage","@id":"https:\/\/audoinconsulting.wakemeup-dns.com\/about-us-ok\/","url":"https:\/\/audoinconsulting.wakemeup-dns.com\/about-us-ok\/","name":"About us","isPartOf":{"@id":"https:\/\/audoinconsulting.wakemeup-dns.com\/#website"},"primaryImageOfPage":{"@id":"https:\/\/audoinconsulting.wakemeup-dns.com\/about-us-ok\/#primaryimage"},"image":{"@id":"https:\/\/audoinconsulting.wakemeup-dns.com\/about-us-ok\/#primaryimage"},"thumbnailUrl":"https:\/\/audoinconsulting.wakemeup-dns.com\/wp-content\/uploads\/2025\/03\/image.png","datePublished":"2025-07-25T15:04:42+00:00","dateModified":"2025-08-19T09:02:16+00:00","description":"Le cabinet Audouin Consulting sp\u00e9cialiste en RSE Cr\u00e9ative, Communication Responsable et en Art engag\u00e9 pour l\u2019Environnement qui lui conf\u00e8re un positionnement et une approche unique.","breadcrumb":{"@id":"https:\/\/audoinconsulting.wakemeup-dns.com\/about-us-ok\/#breadcrumb"},"inLanguage":"en-US","potentialAction":[{"@type":"ReadAction","target":["https:\/\/audoinconsulting.wakemeup-dns.com\/about-us-ok\/"]}]},{"@type":"ImageObject","inLanguage":"en-US","@id":"https:\/\/audoinconsulting.wakemeup-dns.com\/about-us-ok\/#primaryimage","url":"https:\/\/audoinconsulting.wakemeup-dns.com\/wp-content\/uploads\/2025\/03\/image.png","contentUrl":"https:\/\/audoinconsulting.wakemeup-dns.com\/wp-content\/uploads\/2025\/03\/image.png"},{"@type":"BreadcrumbList","@id":"https:\/\/audoinconsulting.wakemeup-dns.com\/about-us-ok\/#breadcrumb","itemListElement":[{"@type":"ListItem","position":1,"name":"Accueil","item":"https:\/\/audoinconsulting.wakemeup-dns.com\/"},{"@type":"ListItem","position":2,"name":"A Propos"}]},{"@type":"WebSite","@id":"https:\/\/audoinconsulting.wakemeup-dns.com\/#website","url":"https:\/\/audoinconsulting.wakemeup-dns.com\/","name":"Audouin Consulting","description":"Over 20 years of commitment to the environment","publisher":{"@id":"https:\/\/audoinconsulting.wakemeup-dns.com\/#organization"},"potentialAction":[{"@type":"SearchAction","target":{"@type":"EntryPoint","urlTemplate":"https:\/\/audoinconsulting.wakemeup-dns.com\/?s={search_term_string}"},"query-input":{"@type":"PropertyValueSpecification","valueRequired":true,"valueName":"search_term_string"}}],"inLanguage":"en-US"},{"@type":"Organization","@id":"https:\/\/audoinconsulting.wakemeup-dns.com\/#organization","name":"Audouin Consulting","url":"https:\/\/audoinconsulting.wakemeup-dns.com\/","logo":{"@type":"ImageObject","inLanguage":"en-US","@id":"https:\/\/audoinconsulting.wakemeup-dns.com\/#\/schema\/logo\/image\/","url":"https:\/\/audoinconsulting.wakemeup-dns.com\/wp-content\/uploads\/2025\/02\/alice_audouin_consulting-2025-2.png","contentUrl":"https:\/\/audoinconsulting.wakemeup-dns.com\/wp-content\/uploads\/2025\/02\/alice_audouin_consulting-2025-2.png","width":473,"height":189,"caption":"Audouin Consulting"},"image":{"@id":"https:\/\/audoinconsulting.wakemeup-dns.com\/#\/schema\/logo\/image\/"}}]}},"_links":{"self":[{"href":"https:\/\/audoinconsulting.wakemeup-dns.com\/en\/wp-json\/wp\/v2\/pages\/1323","targetHints":{"allow":["GET"]}}],"collection":[{"href":"https:\/\/audoinconsulting.wakemeup-dns.com\/en\/wp-json\/wp\/v2\/pages"}],"about":[{"href":"https:\/\/audoinconsulting.wakemeup-dns.com\/en\/wp-json\/wp\/v2\/types\/page"}],"author":[{"embeddable":true,"href":"https:\/\/audoinconsulting.wakemeup-dns.com\/en\/wp-json\/wp\/v2\/users\/3"}],"replies":[{"embeddable":true,"href":"https:\/\/audoinconsulting.wakemeup-dns.com\/en\/wp-json\/wp\/v2\/comments?post=1323"}],"version-history":[{"count":4,"href":"https:\/\/audoinconsulting.wakemeup-dns.com\/en\/wp-json\/wp\/v2\/pages\/1323\/revisions"}],"predecessor-version":[{"id":1473,"href":"https:\/\/audoinconsulting.wakemeup-dns.com\/en\/wp-json\/wp\/v2\/pages\/1323\/revisions\/1473"}],"wp:attachment":[{"href":"https:\/\/audoinconsulting.wakemeup-dns.com\/en\/wp-json\/wp\/v2\/media?parent=1323"}],"curies":[{"name":"wp","href":"https:\/\/api.w.org\/{rel}","templated":true}]}}