{"id":1141,"date":"2025-06-24T16:13:29","date_gmt":"2025-06-24T16:13:29","guid":{"rendered":"https:\/\/audoinconsulting.wakemeup-dns.com\/?page_id=1141"},"modified":"2025-08-19T09:27:27","modified_gmt":"2025-08-19T09:27:27","slug":"rse-creative","status":"publish","type":"page","link":"https:\/\/audoinconsulting.wakemeup-dns.com\/en\/rse-creative\/","title":{"rendered":"Creative CSR"},"content":{"rendered":"\n<div class=\"wp-block-group alignfull is-style-section-3 has-global-padding is-content-justification-center is-layout-constrained wp-block-group-is-layout-constrained is-style-section-3--1\" style=\"margin-top:0;margin-bottom:0;padding-top:var(--wp--preset--spacing--50);padding-bottom:var(--wp--preset--spacing--50)\">\n<div class=\"wp-block-columns alignwide is-layout-flex wp-container-core-columns-is-layout-47c06fe3 wp-block-columns-is-layout-flex\">\n<div class=\"wp-block-column is-vertically-aligned-top is-layout-flow wp-block-column-is-layout-flow\">\n<div class=\"wp-block-group is-vertical is-content-justification-stretch is-layout-flex wp-container-core-group-is-layout-4781e296 wp-block-group-is-layout-flex\" style=\"min-height:100%\">\n<p class=\"is-style-text-display has-x-large-font-size is-style-text-display--2\"><strong>\u201cCreative CSR\u201d<\/strong> is a method developed by Audouin Consulting. It is grounded in a structured, rigorous approach to CSR challenges, enriched by the integration of imagination, culture, and innovation.<\/p>\n\n\n\n<p>This original methodology enables a demanding yet open exploration of major societal and environmental transitions, by activating new levers for impact.<\/p>\n\n\n\n<p>It strengthens the strategic foundation of CSR, drives transformation, and fosters long-term stakeholder engagement through creativity.<\/p>\n\n\n\n<p><strong>Creative CSR makes it possible to:<\/strong><\/p>\n\n\n\n<p>\u2013 Define a structured and distinctive CSR strategy.<br>\u2013 Support the embodiment of the company purpose.<br>\u2013 Master societal, environmental, and regulatory challenges.<br>\u2013 Integrate carbon and biodiversity issues into strategic roadmaps.<br>\u2013 Build materiality matrices, indicators, objectives, and action plans.<br>\u2013 Conduct carbon assessments and life cycle analyses (LCA).<br>\u2013 Map internal and external stakeholders.<br>\u2013 Co-develop partnerships with NGOs and civil society through the creation of <em>Sustainable Boards<\/em>.<br>\u2013 Draft and produce sustainability reports.<br>\u2013 Design and lead creative kick-offs and workshops (innovation, circular economy, inclusion, etc.).<br>\u2013 Deliver inspiration sessions based on trends, innovations, artists, or cultural narratives.<br>\u2013 Launch hybrid projects with innovators, researchers, creators, and cultural actors.<\/p>\n\n\n\n<p><strong>Audouin Consulting conducts bespoke studies and international benchmarks:<\/strong><\/p>\n\n\n\n<ul class=\"wp-block-list\">\n<li>Hospitality, Luxury &#038; Sustainability: 5 Trends to Watch (annual since 2019).<\/li>\n\n\n\n<li>Luxury &#038; Sustainability Trends (annual since 2019).<\/li>\n\n\n\n<li>New Ecological Materials in Luxury (annual since 2022).<\/li>\n\n\n\n<li>Post-Carbon Aesthetics (annual since 2021)<br>Luxury and Sustainability: Best Practices<br><\/li>\n<\/ul>\n<\/div>\n<\/div>\n\n\n\n<div class=\"wp-block-column is-vertically-aligned-top is-layout-flow wp-block-column-is-layout-flow\">\n<figure class=\"wp-block-image size-full size-large wp-duotone-rgb000-ccc-3\"><img loading=\"lazy\" decoding=\"async\" width=\"1600\" height=\"900\" src=\"https:\/\/audoinconsulting.wakemeup-dns.com\/wp-content\/uploads\/2025\/02\/julian-charriere-and-beneath-it-all-flows-liquid-fire-2019-video-still-copyright-the-artist-vg-bild-kunst-bonn-germany-1600x.jpg\" alt=\"\" class=\"wp-image-39\" style=\"aspect-ratio:9\/16;object-fit:cover\" srcset=\"https:\/\/audoinconsulting.wakemeup-dns.com\/wp-content\/uploads\/2025\/02\/julian-charriere-and-beneath-it-all-flows-liquid-fire-2019-video-still-copyright-the-artist-vg-bild-kunst-bonn-germany-1600x.jpg 1600w, https:\/\/audoinconsulting.wakemeup-dns.com\/wp-content\/uploads\/2025\/02\/julian-charriere-and-beneath-it-all-flows-liquid-fire-2019-video-still-copyright-the-artist-vg-bild-kunst-bonn-germany-1600x-300x169.jpg 300w, https:\/\/audoinconsulting.wakemeup-dns.com\/wp-content\/uploads\/2025\/02\/julian-charriere-and-beneath-it-all-flows-liquid-fire-2019-video-still-copyright-the-artist-vg-bild-kunst-bonn-germany-1600x-1024x576.jpg 1024w, https:\/\/audoinconsulting.wakemeup-dns.com\/wp-content\/uploads\/2025\/02\/julian-charriere-and-beneath-it-all-flows-liquid-fire-2019-video-still-copyright-the-artist-vg-bild-kunst-bonn-germany-1600x-768x432.jpg 768w, https:\/\/audoinconsulting.wakemeup-dns.com\/wp-content\/uploads\/2025\/02\/julian-charriere-and-beneath-it-all-flows-liquid-fire-2019-video-still-copyright-the-artist-vg-bild-kunst-bonn-germany-1600x-1536x864.jpg 1536w\" sizes=\"auto, (max-width: 1600px) 100vw, 1600px\" \/><\/figure>\n<\/div>\n<\/div>\n\n\n\n<div class=\"wp-block-group alignfull has-accent-6-background-color has-background has-global-padding is-layout-constrained wp-container-core-group-is-layout-0c9c989a wp-block-group-is-layout-constrained\" style=\"min-height:0vh;margin-top:0;margin-bottom:0;padding-top:var(--wp--preset--spacing--70);padding-right:var(--wp--preset--spacing--40);padding-bottom:var(--wp--preset--spacing--70);padding-left:var(--wp--preset--spacing--40)\">\n<div class=\"wp-block-group has-global-padding is-layout-constrained wp-container-core-group-is-layout-346627ba wp-block-group-is-layout-constrained\">\n<h2 class=\"wp-block-heading has-text-align-center has-xx-large-font-size\" style=\"margin-right:0;margin-left:0;padding-right:0;padding-left:0\">Nos collaborations<\/h2>\n\n\n\n<p class=\"has-text-align-center\">Un aper\u00e7u des marques et institutions que nous avons eu le privil\u00e8ge d\u2019accompagner<\/p>\n\n\n\n<div class=\"wp-block-buttons is-content-justification-center is-layout-flex wp-container-core-buttons-is-layout-a89b3969 wp-block-buttons-is-layout-flex\">\n<div class=\"wp-block-button\"><a class=\"wp-block-button__link wp-element-button\" href=\"https:\/\/audoinconsulting.wakemeup-dns.com\/references\/\">D\u00e9couvrez nos r\u00e9f\u00e9rences<\/a><\/div>\n<\/div>\n<\/div>\n<\/div>\n<\/div>\n","protected":false},"excerpt":{"rendered":"<p>\u201cCreative CSR\u201d is a method developed by Audouin Consulting. It is grounded in a structured, rigorous approach to CSR challenges, enriched by the integration of imagination, culture, and innovation. This original methodology enables a demanding yet open exploration of major societal and environmental transitions, by activating new levers for impact. It strengthens the strategic foundation [&hellip;]<\/p>\n","protected":false},"author":3,"featured_media":0,"parent":0,"menu_order":0,"comment_status":"closed","ping_status":"closed","template":"","meta":{"footnotes":""},"class_list":["post-1141","page","type-page","status-publish","hentry"],"yoast_head":"<!-- This site is optimized with the Yoast SEO plugin v26.1.1 - https:\/\/yoast.com\/wordpress\/plugins\/seo\/ -->\n<title>Creative CSR<\/title>\n<meta name=\"description\" content=\"Le cabinet propose des formations certifi\u00e9es Qualiopi et des ateliers pour renforcer vos pratiques en communication responsable et RSE, en lien avec les enjeux environnementaux et soci\u00e9taux actuels.\" \/>\n<meta name=\"robots\" content=\"index, follow, max-snippet:-1, max-image-preview:large, max-video-preview:-1\" \/>\n<link rel=\"canonical\" href=\"https:\/\/audoinconsulting.wakemeup-dns.com\/en\/rse-creative\/\" \/>\n<meta property=\"og:locale\" content=\"en_US\" \/>\n<meta property=\"og:locale:alternate\" content=\"fr_FR\" \/>\n<meta property=\"og:type\" content=\"article\" \/>\n<meta property=\"og:title\" content=\"Creative CSR\" \/>\n<meta property=\"og:description\" content=\"Le cabinet propose des formations certifi\u00e9es Qualiopi et des ateliers pour renforcer vos pratiques en communication responsable et RSE, en lien avec les enjeux environnementaux et soci\u00e9taux actuels.\" \/>\n<meta property=\"og:url\" content=\"https:\/\/audoinconsulting.wakemeup-dns.com\/en\/rse-creative\/\" \/>\n<meta property=\"og:site_name\" content=\"AUDOUIN CONSULTING\" \/>\n<meta property=\"article:modified_time\" content=\"2025-08-19T09:27:27+00:00\" \/>\n<meta property=\"og:image\" content=\"https:\/\/audoinconsulting.wakemeup-dns.com\/wp-content\/uploads\/2025\/02\/julian-charriere-and-beneath-it-all-flows-liquid-fire-2019-video-still-copyright-the-artist-vg-bild-kunst-bonn-germany-1600x.jpg\" \/>\n\t<meta property=\"og:image:width\" content=\"1600\" \/>\n\t<meta property=\"og:image:height\" content=\"900\" \/>\n\t<meta property=\"og:image:type\" content=\"image\/jpeg\" \/>\n<meta name=\"twitter:card\" content=\"summary_large_image\" \/>\n<meta name=\"twitter:label1\" content=\"Est. reading time\" \/>\n\t<meta name=\"twitter:data1\" content=\"2 minutes\" \/>\n<script type=\"application\/ld+json\" class=\"yoast-schema-graph\">{\"@context\":\"https:\/\/schema.org\",\"@graph\":[{\"@type\":\"WebPage\",\"@id\":\"https:\/\/audoinconsulting.wakemeup-dns.com\/rse-creative\/\",\"url\":\"https:\/\/audoinconsulting.wakemeup-dns.com\/rse-creative\/\",\"name\":\"Creative CSR\",\"isPartOf\":{\"@id\":\"https:\/\/audoinconsulting.wakemeup-dns.com\/#website\"},\"primaryImageOfPage\":{\"@id\":\"https:\/\/audoinconsulting.wakemeup-dns.com\/rse-creative\/#primaryimage\"},\"image\":{\"@id\":\"https:\/\/audoinconsulting.wakemeup-dns.com\/rse-creative\/#primaryimage\"},\"thumbnailUrl\":\"https:\/\/audoinconsulting.wakemeup-dns.com\/wp-content\/uploads\/2025\/02\/julian-charriere-and-beneath-it-all-flows-liquid-fire-2019-video-still-copyright-the-artist-vg-bild-kunst-bonn-germany-1600x.jpg\",\"datePublished\":\"2025-06-24T16:13:29+00:00\",\"dateModified\":\"2025-08-19T09:27:27+00:00\",\"description\":\"Le cabinet propose des formations certifi\u00e9es Qualiopi et des ateliers pour renforcer vos pratiques en communication responsable et RSE, en lien avec les enjeux environnementaux et soci\u00e9taux actuels.\",\"breadcrumb\":{\"@id\":\"https:\/\/audoinconsulting.wakemeup-dns.com\/rse-creative\/#breadcrumb\"},\"inLanguage\":\"en-US\",\"potentialAction\":[{\"@type\":\"ReadAction\",\"target\":[\"https:\/\/audoinconsulting.wakemeup-dns.com\/rse-creative\/\"]}]},{\"@type\":\"ImageObject\",\"inLanguage\":\"en-US\",\"@id\":\"https:\/\/audoinconsulting.wakemeup-dns.com\/rse-creative\/#primaryimage\",\"url\":\"https:\/\/audoinconsulting.wakemeup-dns.com\/wp-content\/uploads\/2025\/02\/julian-charriere-and-beneath-it-all-flows-liquid-fire-2019-video-still-copyright-the-artist-vg-bild-kunst-bonn-germany-1600x.jpg\",\"contentUrl\":\"https:\/\/audoinconsulting.wakemeup-dns.com\/wp-content\/uploads\/2025\/02\/julian-charriere-and-beneath-it-all-flows-liquid-fire-2019-video-still-copyright-the-artist-vg-bild-kunst-bonn-germany-1600x.jpg\"},{\"@type\":\"BreadcrumbList\",\"@id\":\"https:\/\/audoinconsulting.wakemeup-dns.com\/rse-creative\/#breadcrumb\",\"itemListElement\":[{\"@type\":\"ListItem\",\"position\":1,\"name\":\"Accueil\",\"item\":\"https:\/\/audoinconsulting.wakemeup-dns.com\/\"},{\"@type\":\"ListItem\",\"position\":2,\"name\":\"RSE Creative\"}]},{\"@type\":\"WebSite\",\"@id\":\"https:\/\/audoinconsulting.wakemeup-dns.com\/#website\",\"url\":\"https:\/\/audoinconsulting.wakemeup-dns.com\/\",\"name\":\"Audouin Consulting\",\"description\":\"Over 20 years of commitment to the environment\",\"publisher\":{\"@id\":\"https:\/\/audoinconsulting.wakemeup-dns.com\/#organization\"},\"potentialAction\":[{\"@type\":\"SearchAction\",\"target\":{\"@type\":\"EntryPoint\",\"urlTemplate\":\"https:\/\/audoinconsulting.wakemeup-dns.com\/?s={search_term_string}\"},\"query-input\":{\"@type\":\"PropertyValueSpecification\",\"valueRequired\":true,\"valueName\":\"search_term_string\"}}],\"inLanguage\":\"en-US\"},{\"@type\":\"Organization\",\"@id\":\"https:\/\/audoinconsulting.wakemeup-dns.com\/#organization\",\"name\":\"Audouin Consulting\",\"url\":\"https:\/\/audoinconsulting.wakemeup-dns.com\/\",\"logo\":{\"@type\":\"ImageObject\",\"inLanguage\":\"en-US\",\"@id\":\"https:\/\/audoinconsulting.wakemeup-dns.com\/#\/schema\/logo\/image\/\",\"url\":\"https:\/\/audoinconsulting.wakemeup-dns.com\/wp-content\/uploads\/2025\/02\/alice_audouin_consulting-2025-2.png\",\"contentUrl\":\"https:\/\/audoinconsulting.wakemeup-dns.com\/wp-content\/uploads\/2025\/02\/alice_audouin_consulting-2025-2.png\",\"width\":473,\"height\":189,\"caption\":\"Audouin Consulting\"},\"image\":{\"@id\":\"https:\/\/audoinconsulting.wakemeup-dns.com\/#\/schema\/logo\/image\/\"}}]}<\/script>\n<!-- \/ Yoast SEO plugin. -->","yoast_head_json":{"title":"Creative CSR","description":"Le cabinet propose des formations certifi\u00e9es Qualiopi et des ateliers pour renforcer vos pratiques en communication responsable et RSE, en lien avec les enjeux environnementaux et soci\u00e9taux actuels.","robots":{"index":"index","follow":"follow","max-snippet":"max-snippet:-1","max-image-preview":"max-image-preview:large","max-video-preview":"max-video-preview:-1"},"canonical":"https:\/\/audoinconsulting.wakemeup-dns.com\/en\/rse-creative\/","og_locale":"en_US","og_type":"article","og_title":"[:fr]RSE Creative[:en]Creative CSR[:] - AUDOUIN CONSULTING","og_description":"[:fr]Le cabinet propose des formations certifi\u00e9es Qualiopi et des ateliers pour renforcer vos pratiques en communication responsable et RSE, en lien avec les enjeux environnementaux et soci\u00e9taux actuels.[:]","og_url":"https:\/\/audoinconsulting.wakemeup-dns.com\/en\/rse-creative\/","og_site_name":"AUDOUIN CONSULTING","article_modified_time":"2025-08-19T09:27:27+00:00","og_image":[{"width":1600,"height":900,"url":"https:\/\/audoinconsulting.wakemeup-dns.com\/wp-content\/uploads\/2025\/02\/julian-charriere-and-beneath-it-all-flows-liquid-fire-2019-video-still-copyright-the-artist-vg-bild-kunst-bonn-germany-1600x.jpg","type":"image\/jpeg"}],"twitter_card":"summary_large_image","twitter_misc":{"Est. reading time":"2 minutes"},"schema":{"@context":"https:\/\/schema.org","@graph":[{"@type":"WebPage","@id":"https:\/\/audoinconsulting.wakemeup-dns.com\/rse-creative\/","url":"https:\/\/audoinconsulting.wakemeup-dns.com\/rse-creative\/","name":"Creative CSR","isPartOf":{"@id":"https:\/\/audoinconsulting.wakemeup-dns.com\/#website"},"primaryImageOfPage":{"@id":"https:\/\/audoinconsulting.wakemeup-dns.com\/rse-creative\/#primaryimage"},"image":{"@id":"https:\/\/audoinconsulting.wakemeup-dns.com\/rse-creative\/#primaryimage"},"thumbnailUrl":"https:\/\/audoinconsulting.wakemeup-dns.com\/wp-content\/uploads\/2025\/02\/julian-charriere-and-beneath-it-all-flows-liquid-fire-2019-video-still-copyright-the-artist-vg-bild-kunst-bonn-germany-1600x.jpg","datePublished":"2025-06-24T16:13:29+00:00","dateModified":"2025-08-19T09:27:27+00:00","description":"Le cabinet propose des formations certifi\u00e9es Qualiopi et des ateliers pour renforcer vos pratiques en communication responsable et RSE, en lien avec les enjeux environnementaux et soci\u00e9taux actuels.","breadcrumb":{"@id":"https:\/\/audoinconsulting.wakemeup-dns.com\/rse-creative\/#breadcrumb"},"inLanguage":"en-US","potentialAction":[{"@type":"ReadAction","target":["https:\/\/audoinconsulting.wakemeup-dns.com\/rse-creative\/"]}]},{"@type":"ImageObject","inLanguage":"en-US","@id":"https:\/\/audoinconsulting.wakemeup-dns.com\/rse-creative\/#primaryimage","url":"https:\/\/audoinconsulting.wakemeup-dns.com\/wp-content\/uploads\/2025\/02\/julian-charriere-and-beneath-it-all-flows-liquid-fire-2019-video-still-copyright-the-artist-vg-bild-kunst-bonn-germany-1600x.jpg","contentUrl":"https:\/\/audoinconsulting.wakemeup-dns.com\/wp-content\/uploads\/2025\/02\/julian-charriere-and-beneath-it-all-flows-liquid-fire-2019-video-still-copyright-the-artist-vg-bild-kunst-bonn-germany-1600x.jpg"},{"@type":"BreadcrumbList","@id":"https:\/\/audoinconsulting.wakemeup-dns.com\/rse-creative\/#breadcrumb","itemListElement":[{"@type":"ListItem","position":1,"name":"Accueil","item":"https:\/\/audoinconsulting.wakemeup-dns.com\/"},{"@type":"ListItem","position":2,"name":"RSE Creative"}]},{"@type":"WebSite","@id":"https:\/\/audoinconsulting.wakemeup-dns.com\/#website","url":"https:\/\/audoinconsulting.wakemeup-dns.com\/","name":"Audouin Consulting","description":"Over 20 years of commitment to the environment","publisher":{"@id":"https:\/\/audoinconsulting.wakemeup-dns.com\/#organization"},"potentialAction":[{"@type":"SearchAction","target":{"@type":"EntryPoint","urlTemplate":"https:\/\/audoinconsulting.wakemeup-dns.com\/?s={search_term_string}"},"query-input":{"@type":"PropertyValueSpecification","valueRequired":true,"valueName":"search_term_string"}}],"inLanguage":"en-US"},{"@type":"Organization","@id":"https:\/\/audoinconsulting.wakemeup-dns.com\/#organization","name":"Audouin Consulting","url":"https:\/\/audoinconsulting.wakemeup-dns.com\/","logo":{"@type":"ImageObject","inLanguage":"en-US","@id":"https:\/\/audoinconsulting.wakemeup-dns.com\/#\/schema\/logo\/image\/","url":"https:\/\/audoinconsulting.wakemeup-dns.com\/wp-content\/uploads\/2025\/02\/alice_audouin_consulting-2025-2.png","contentUrl":"https:\/\/audoinconsulting.wakemeup-dns.com\/wp-content\/uploads\/2025\/02\/alice_audouin_consulting-2025-2.png","width":473,"height":189,"caption":"Audouin Consulting"},"image":{"@id":"https:\/\/audoinconsulting.wakemeup-dns.com\/#\/schema\/logo\/image\/"}}]}},"_links":{"self":[{"href":"https:\/\/audoinconsulting.wakemeup-dns.com\/en\/wp-json\/wp\/v2\/pages\/1141","targetHints":{"allow":["GET"]}}],"collection":[{"href":"https:\/\/audoinconsulting.wakemeup-dns.com\/en\/wp-json\/wp\/v2\/pages"}],"about":[{"href":"https:\/\/audoinconsulting.wakemeup-dns.com\/en\/wp-json\/wp\/v2\/types\/page"}],"author":[{"embeddable":true,"href":"https:\/\/audoinconsulting.wakemeup-dns.com\/en\/wp-json\/wp\/v2\/users\/3"}],"replies":[{"embeddable":true,"href":"https:\/\/audoinconsulting.wakemeup-dns.com\/en\/wp-json\/wp\/v2\/comments?post=1141"}],"version-history":[{"count":17,"href":"https:\/\/audoinconsulting.wakemeup-dns.com\/en\/wp-json\/wp\/v2\/pages\/1141\/revisions"}],"predecessor-version":[{"id":1489,"href":"https:\/\/audoinconsulting.wakemeup-dns.com\/en\/wp-json\/wp\/v2\/pages\/1141\/revisions\/1489"}],"wp:attachment":[{"href":"https:\/\/audoinconsulting.wakemeup-dns.com\/en\/wp-json\/wp\/v2\/media?parent=1141"}],"curies":[{"name":"wp","href":"https:\/\/api.w.org\/{rel}","templated":true}]}}