{"id":1079,"date":"2025-06-02T16:05:37","date_gmt":"2025-06-02T16:05:37","guid":{"rendered":"https:\/\/audoinconsulting.wakemeup-dns.com\/?page_id=1079"},"modified":"2025-08-19T09:26:15","modified_gmt":"2025-08-19T09:26:15","slug":"art-fr","status":"publish","type":"page","link":"https:\/\/audoinconsulting.wakemeup-dns.com\/en\/art-fr\/","title":{"rendered":"Art"},"content":{"rendered":"\n<div class=\"wp-block-group alignfull is-style-section-1 has-global-padding is-layout-constrained wp-block-group-is-layout-constrained is-style-section-1--1\" style=\"margin-top:0;margin-bottom:0;padding-top:var(--wp--preset--spacing--50);padding-bottom:var(--wp--preset--spacing--50)\">\n<div class=\"wp-block-columns alignwide is-style-default is-layout-flex wp-container-core-columns-is-layout-7ee84d44 wp-block-columns-is-layout-flex\">\n<div class=\"wp-block-column is-vertically-aligned-center is-style-section-1 is-layout-flow wp-block-column-is-layout-flow is-style-section-1--2\" style=\"flex-basis:50%\">\n<div class=\"wp-block-group has-global-padding is-layout-constrained wp-block-group-is-layout-constrained\">\n<p class=\"is-style-default has-x-large-font-size\"><strong>Audouin Consulting bridges the worlds of art and sustainable development.<\/strong><br>The firm leverages art as a catalyst for innovation, environmental awareness, and strategic impact within the organizations it advises.<\/p>\n\n\n\n<p>Audouin Consulting holds a <strong>one-of-a-kind global database<\/strong>, initiated in 2004 by its founder, <strong>featuring over 2,500 internationally recognized names<\/strong>. This includes contemporary artists committed to the environment, as well as visionary stylists, artisans, designers, and changemakers who shape future ways of living.<\/p>\n\n\n\n<p class=\"is-style-default has-large-font-size\">The firm maintains <strong>active collaborations<\/strong> with this international network and has a deep understanding of the ecological transition challenges specific to the <strong>cultural and creative sectors<\/strong> :<\/p>\n<\/div>\n\n\n\n<div class=\"wp-block-group has-global-padding is-layout-constrained wp-block-group-is-layout-constrained\">\n<ul class=\"wp-block-list is-style-default has-medium-font-size\">\n<li class=\"has-large-font-size\">Development of collaborations and partnerships with artists<\/li>\n\n\n\n<li class=\"has-large-font-size\">CSR strategies tailored to cultural and creative institutions<\/li>\n\n\n\n<li class=\"has-large-font-size\">Curatorial direction and exhibition programming<\/li>\n\n\n\n<li class=\"has-large-font-size\">Artistic direction for environmentally engaged initiatives<\/li>\n\n\n\n<li class=\"has-large-font-size\">Artistic engagement aligned with the UN Sustainable Development Goals (SDGs)<\/li>\n\n\n\n<li class=\"has-large-font-size\">Creation and support of thematic art collections<\/li>\n\n\n\n<li class=\"has-large-font-size\">Stakeholder engagement and mobilization campaigns with artists (internal\/external)<\/li>\n\n\n\n<li class=\"has-large-font-size\"> Philanthropy and sponsorship advisory in the arts<\/li>\n\n\n\n<li class=\"has-large-font-size\">Strategic support for artist-led environmental projects<\/li>\n\n\n\n<li class=\"has-large-font-size\">Environmental assessment and carbon footprint evaluation of cultural initiatives<\/li>\n\n\n\n<li class=\"has-large-font-size\">Art-led inspiration kick-offs and immersive formats<\/li>\n\n\n\n<li class=\"has-large-font-size\">Artist encounters and conversations<\/li>\n\n\n\n<li class=\"has-large-font-size\">Artist-in-residence programs within companies and institutions<br><\/li>\n<\/ul>\n\n\n\n<p><strong>Audouin Consulting leads an international Research &#038; Benchmark Unit focused on the cultural and creative industries.<\/strong><\/p>\n\n\n\n<p>Its work explores the intersection of art, ecology, and institutional transformation.<\/p>\n\n\n\n<p>Key publications include:<\/p>\n\n\n\n<p>\u2013 <strong>10 Key Trends in Art &#038; Environment<\/strong> <em>(2019, 2023, 2025)<\/em><br>\u2013 <strong>Museums and Climate: The 20 Leading Global Practices<\/strong> <em>(2019, 2022, 2024)<\/em><br>\u2013 <strong>30 Artists Driving the Ecological Transition<\/strong> <em>(2019, 2022, 2024)<\/em><\/p>\n<\/div>\n<\/div>\n\n\n\n<div class=\"wp-block-column is-vertically-aligned-center is-layout-flow wp-block-column-is-layout-flow\" style=\"flex-basis:50%\">\n<figure class=\"wp-block-image size-full wp-duotone-rgb383737-ccc-3\"><img loading=\"lazy\" decoding=\"async\" width=\"926\" height=\"1086\" src=\"https:\/\/audoinconsulting.wakemeup-dns.com\/wp-content\/uploads\/2025\/03\/Capture-decran-2025-03-14-a-19.04.51.png\" alt=\"\" class=\"wp-image-643\" style=\"aspect-ratio:9\/16;object-fit:cover\" srcset=\"https:\/\/audoinconsulting.wakemeup-dns.com\/wp-content\/uploads\/2025\/03\/Capture-decran-2025-03-14-a-19.04.51.png 926w, https:\/\/audoinconsulting.wakemeup-dns.com\/wp-content\/uploads\/2025\/03\/Capture-decran-2025-03-14-a-19.04.51-256x300.png 256w, https:\/\/audoinconsulting.wakemeup-dns.com\/wp-content\/uploads\/2025\/03\/Capture-decran-2025-03-14-a-19.04.51-873x1024.png 873w, https:\/\/audoinconsulting.wakemeup-dns.com\/wp-content\/uploads\/2025\/03\/Capture-decran-2025-03-14-a-19.04.51-768x901.png 768w\" sizes=\"auto, (max-width: 926px) 100vw, 926px\" \/><\/figure>\n<\/div>\n<\/div>\n<\/div>\n\n\n\n<div class=\"wp-block-group alignfull has-accent-6-background-color has-background has-global-padding is-layout-constrained wp-container-core-group-is-layout-0c9c989a wp-block-group-is-layout-constrained\" style=\"min-height:0vh;margin-top:0;margin-bottom:0;padding-top:var(--wp--preset--spacing--70);padding-right:var(--wp--preset--spacing--40);padding-bottom:var(--wp--preset--spacing--70);padding-left:var(--wp--preset--spacing--40)\">\n<div class=\"wp-block-group has-global-padding is-layout-constrained wp-container-core-group-is-layout-346627ba wp-block-group-is-layout-constrained\">\n<h2 class=\"wp-block-heading has-text-align-center has-xx-large-font-size\" style=\"margin-right:0;margin-left:0;padding-right:0;padding-left:0\">Do you have any question ?<\/h2>\n\n\n\n<p class=\"has-text-align-center\">We would be happy to talk and share our expertise with you.<\/p>\n\n\n\n<div class=\"wp-block-buttons is-content-justification-center is-layout-flex wp-container-core-buttons-is-layout-a89b3969 wp-block-buttons-is-layout-flex\">\n<div class=\"wp-block-button\"><a class=\"wp-block-button__link wp-element-button\" href=\"https:\/\/audoinconsulting.wakemeup-dns.com\/en\/about-us-ok\/\">Explore our expertise<\/a><\/div>\n<\/div>\n<\/div>\n<\/div>\n","protected":false},"excerpt":{"rendered":"<p>Audouin Consulting bridges the worlds of art and sustainable development.The firm leverages art as a catalyst for innovation, environmental awareness, and strategic impact within the organizations it advises. Audouin Consulting holds a one-of-a-kind global database, initiated in 2004 by its founder, featuring over 2,500 internationally recognized names. This includes contemporary artists committed to the environment, [&hellip;]<\/p>\n","protected":false},"author":3,"featured_media":0,"parent":0,"menu_order":0,"comment_status":"closed","ping_status":"closed","template":"","meta":{"footnotes":""},"class_list":["post-1079","page","type-page","status-publish","hentry"],"yoast_head":"<!-- This site is optimized with the Yoast SEO plugin v26.1.1 - https:\/\/yoast.com\/wordpress\/plugins\/seo\/ -->\n<title>Art<\/title>\n<meta name=\"description\" content=\"Le cabinet Audouin Consulting sp\u00e9cialiste en RSE Cr\u00e9ative, Communication Responsable et en Art engag\u00e9 pour l\u2019Environnement qui lui conf\u00e8re un positionnement et une approche unique.\" \/>\n<meta name=\"robots\" content=\"index, follow, max-snippet:-1, max-image-preview:large, max-video-preview:-1\" \/>\n<link rel=\"canonical\" href=\"https:\/\/audoinconsulting.wakemeup-dns.com\/en\/art-fr\/\" \/>\n<meta property=\"og:locale\" content=\"en_US\" \/>\n<meta property=\"og:locale:alternate\" content=\"fr_FR\" \/>\n<meta property=\"og:type\" content=\"article\" \/>\n<meta property=\"og:title\" content=\"Art\" \/>\n<meta property=\"og:description\" content=\"Le cabinet Audouin Consulting sp\u00e9cialiste en RSE Cr\u00e9ative, Communication Responsable et en Art engag\u00e9 pour l\u2019Environnement qui lui conf\u00e8re un positionnement et une approche unique.\" \/>\n<meta property=\"og:url\" content=\"https:\/\/audoinconsulting.wakemeup-dns.com\/en\/art-fr\/\" \/>\n<meta property=\"og:site_name\" content=\"AUDOUIN CONSULTING\" \/>\n<meta property=\"article:modified_time\" content=\"2025-08-19T09:26:15+00:00\" \/>\n<meta property=\"og:image\" content=\"https:\/\/audoinconsulting.wakemeup-dns.com\/wp-content\/uploads\/2025\/03\/Capture-decran-2025-03-14-a-19.04.51.png\" \/>\n\t<meta property=\"og:image:width\" content=\"926\" \/>\n\t<meta property=\"og:image:height\" content=\"1086\" \/>\n\t<meta property=\"og:image:type\" content=\"image\/png\" \/>\n<meta name=\"twitter:card\" content=\"summary_large_image\" \/>\n<meta name=\"twitter:label1\" content=\"Est. reading time\" \/>\n\t<meta name=\"twitter:data1\" content=\"2 minutes\" \/>\n<script type=\"application\/ld+json\" class=\"yoast-schema-graph\">{\"@context\":\"https:\/\/schema.org\",\"@graph\":[{\"@type\":\"WebPage\",\"@id\":\"https:\/\/audoinconsulting.wakemeup-dns.com\/art-fr\/\",\"url\":\"https:\/\/audoinconsulting.wakemeup-dns.com\/art-fr\/\",\"name\":\"Art\",\"isPartOf\":{\"@id\":\"https:\/\/audoinconsulting.wakemeup-dns.com\/#website\"},\"primaryImageOfPage\":{\"@id\":\"https:\/\/audoinconsulting.wakemeup-dns.com\/art-fr\/#primaryimage\"},\"image\":{\"@id\":\"https:\/\/audoinconsulting.wakemeup-dns.com\/art-fr\/#primaryimage\"},\"thumbnailUrl\":\"https:\/\/audoinconsulting.wakemeup-dns.com\/wp-content\/uploads\/2025\/03\/Capture-decran-2025-03-14-a-19.04.51.png\",\"datePublished\":\"2025-06-02T16:05:37+00:00\",\"dateModified\":\"2025-08-19T09:26:15+00:00\",\"description\":\"Le cabinet Audouin Consulting sp\u00e9cialiste en RSE Cr\u00e9ative, Communication Responsable et en Art engag\u00e9 pour l\u2019Environnement qui lui conf\u00e8re un positionnement et une approche unique.\",\"breadcrumb\":{\"@id\":\"https:\/\/audoinconsulting.wakemeup-dns.com\/art-fr\/#breadcrumb\"},\"inLanguage\":\"en-US\",\"potentialAction\":[{\"@type\":\"ReadAction\",\"target\":[\"https:\/\/audoinconsulting.wakemeup-dns.com\/art-fr\/\"]}]},{\"@type\":\"ImageObject\",\"inLanguage\":\"en-US\",\"@id\":\"https:\/\/audoinconsulting.wakemeup-dns.com\/art-fr\/#primaryimage\",\"url\":\"https:\/\/audoinconsulting.wakemeup-dns.com\/wp-content\/uploads\/2025\/03\/Capture-decran-2025-03-14-a-19.04.51.png\",\"contentUrl\":\"https:\/\/audoinconsulting.wakemeup-dns.com\/wp-content\/uploads\/2025\/03\/Capture-decran-2025-03-14-a-19.04.51.png\"},{\"@type\":\"BreadcrumbList\",\"@id\":\"https:\/\/audoinconsulting.wakemeup-dns.com\/art-fr\/#breadcrumb\",\"itemListElement\":[{\"@type\":\"ListItem\",\"position\":1,\"name\":\"Accueil\",\"item\":\"https:\/\/audoinconsulting.wakemeup-dns.com\/\"},{\"@type\":\"ListItem\",\"position\":2,\"name\":\"Art\"}]},{\"@type\":\"WebSite\",\"@id\":\"https:\/\/audoinconsulting.wakemeup-dns.com\/#website\",\"url\":\"https:\/\/audoinconsulting.wakemeup-dns.com\/\",\"name\":\"Audouin Consulting\",\"description\":\"Over 20 years of commitment to the environment\",\"publisher\":{\"@id\":\"https:\/\/audoinconsulting.wakemeup-dns.com\/#organization\"},\"potentialAction\":[{\"@type\":\"SearchAction\",\"target\":{\"@type\":\"EntryPoint\",\"urlTemplate\":\"https:\/\/audoinconsulting.wakemeup-dns.com\/?s={search_term_string}\"},\"query-input\":{\"@type\":\"PropertyValueSpecification\",\"valueRequired\":true,\"valueName\":\"search_term_string\"}}],\"inLanguage\":\"en-US\"},{\"@type\":\"Organization\",\"@id\":\"https:\/\/audoinconsulting.wakemeup-dns.com\/#organization\",\"name\":\"Audouin Consulting\",\"url\":\"https:\/\/audoinconsulting.wakemeup-dns.com\/\",\"logo\":{\"@type\":\"ImageObject\",\"inLanguage\":\"en-US\",\"@id\":\"https:\/\/audoinconsulting.wakemeup-dns.com\/#\/schema\/logo\/image\/\",\"url\":\"https:\/\/audoinconsulting.wakemeup-dns.com\/wp-content\/uploads\/2025\/02\/alice_audouin_consulting-2025-2.png\",\"contentUrl\":\"https:\/\/audoinconsulting.wakemeup-dns.com\/wp-content\/uploads\/2025\/02\/alice_audouin_consulting-2025-2.png\",\"width\":473,\"height\":189,\"caption\":\"Audouin Consulting\"},\"image\":{\"@id\":\"https:\/\/audoinconsulting.wakemeup-dns.com\/#\/schema\/logo\/image\/\"}}]}<\/script>\n<!-- \/ Yoast SEO plugin. -->","yoast_head_json":{"title":"Art","description":"Le cabinet Audouin Consulting sp\u00e9cialiste en RSE Cr\u00e9ative, Communication Responsable et en Art engag\u00e9 pour l\u2019Environnement qui lui conf\u00e8re un positionnement et une approche unique.","robots":{"index":"index","follow":"follow","max-snippet":"max-snippet:-1","max-image-preview":"max-image-preview:large","max-video-preview":"max-video-preview:-1"},"canonical":"https:\/\/audoinconsulting.wakemeup-dns.com\/en\/art-fr\/","og_locale":"en_US","og_type":"article","og_title":"[:fr]Art[:en]Art[:] - AUDOUIN CONSULTING","og_description":"[:fr]Le cabinet Audouin Consulting sp\u00e9cialiste en RSE Cr\u00e9ative, Communication Responsable et en Art engag\u00e9 pour l\u2019Environnement qui lui conf\u00e8re un positionnement et une approche unique.[:]","og_url":"https:\/\/audoinconsulting.wakemeup-dns.com\/en\/art-fr\/","og_site_name":"AUDOUIN CONSULTING","article_modified_time":"2025-08-19T09:26:15+00:00","og_image":[{"width":926,"height":1086,"url":"https:\/\/audoinconsulting.wakemeup-dns.com\/wp-content\/uploads\/2025\/03\/Capture-decran-2025-03-14-a-19.04.51.png","type":"image\/png"}],"twitter_card":"summary_large_image","twitter_misc":{"Est. reading time":"2 minutes"},"schema":{"@context":"https:\/\/schema.org","@graph":[{"@type":"WebPage","@id":"https:\/\/audoinconsulting.wakemeup-dns.com\/art-fr\/","url":"https:\/\/audoinconsulting.wakemeup-dns.com\/art-fr\/","name":"Art","isPartOf":{"@id":"https:\/\/audoinconsulting.wakemeup-dns.com\/#website"},"primaryImageOfPage":{"@id":"https:\/\/audoinconsulting.wakemeup-dns.com\/art-fr\/#primaryimage"},"image":{"@id":"https:\/\/audoinconsulting.wakemeup-dns.com\/art-fr\/#primaryimage"},"thumbnailUrl":"https:\/\/audoinconsulting.wakemeup-dns.com\/wp-content\/uploads\/2025\/03\/Capture-decran-2025-03-14-a-19.04.51.png","datePublished":"2025-06-02T16:05:37+00:00","dateModified":"2025-08-19T09:26:15+00:00","description":"Le cabinet Audouin Consulting sp\u00e9cialiste en RSE Cr\u00e9ative, Communication Responsable et en Art engag\u00e9 pour l\u2019Environnement qui lui conf\u00e8re un positionnement et une approche unique.","breadcrumb":{"@id":"https:\/\/audoinconsulting.wakemeup-dns.com\/art-fr\/#breadcrumb"},"inLanguage":"en-US","potentialAction":[{"@type":"ReadAction","target":["https:\/\/audoinconsulting.wakemeup-dns.com\/art-fr\/"]}]},{"@type":"ImageObject","inLanguage":"en-US","@id":"https:\/\/audoinconsulting.wakemeup-dns.com\/art-fr\/#primaryimage","url":"https:\/\/audoinconsulting.wakemeup-dns.com\/wp-content\/uploads\/2025\/03\/Capture-decran-2025-03-14-a-19.04.51.png","contentUrl":"https:\/\/audoinconsulting.wakemeup-dns.com\/wp-content\/uploads\/2025\/03\/Capture-decran-2025-03-14-a-19.04.51.png"},{"@type":"BreadcrumbList","@id":"https:\/\/audoinconsulting.wakemeup-dns.com\/art-fr\/#breadcrumb","itemListElement":[{"@type":"ListItem","position":1,"name":"Accueil","item":"https:\/\/audoinconsulting.wakemeup-dns.com\/"},{"@type":"ListItem","position":2,"name":"Art"}]},{"@type":"WebSite","@id":"https:\/\/audoinconsulting.wakemeup-dns.com\/#website","url":"https:\/\/audoinconsulting.wakemeup-dns.com\/","name":"Audouin Consulting","description":"Over 20 years of commitment to the environment","publisher":{"@id":"https:\/\/audoinconsulting.wakemeup-dns.com\/#organization"},"potentialAction":[{"@type":"SearchAction","target":{"@type":"EntryPoint","urlTemplate":"https:\/\/audoinconsulting.wakemeup-dns.com\/?s={search_term_string}"},"query-input":{"@type":"PropertyValueSpecification","valueRequired":true,"valueName":"search_term_string"}}],"inLanguage":"en-US"},{"@type":"Organization","@id":"https:\/\/audoinconsulting.wakemeup-dns.com\/#organization","name":"Audouin Consulting","url":"https:\/\/audoinconsulting.wakemeup-dns.com\/","logo":{"@type":"ImageObject","inLanguage":"en-US","@id":"https:\/\/audoinconsulting.wakemeup-dns.com\/#\/schema\/logo\/image\/","url":"https:\/\/audoinconsulting.wakemeup-dns.com\/wp-content\/uploads\/2025\/02\/alice_audouin_consulting-2025-2.png","contentUrl":"https:\/\/audoinconsulting.wakemeup-dns.com\/wp-content\/uploads\/2025\/02\/alice_audouin_consulting-2025-2.png","width":473,"height":189,"caption":"Audouin Consulting"},"image":{"@id":"https:\/\/audoinconsulting.wakemeup-dns.com\/#\/schema\/logo\/image\/"}}]}},"_links":{"self":[{"href":"https:\/\/audoinconsulting.wakemeup-dns.com\/en\/wp-json\/wp\/v2\/pages\/1079","targetHints":{"allow":["GET"]}}],"collection":[{"href":"https:\/\/audoinconsulting.wakemeup-dns.com\/en\/wp-json\/wp\/v2\/pages"}],"about":[{"href":"https:\/\/audoinconsulting.wakemeup-dns.com\/en\/wp-json\/wp\/v2\/types\/page"}],"author":[{"embeddable":true,"href":"https:\/\/audoinconsulting.wakemeup-dns.com\/en\/wp-json\/wp\/v2\/users\/3"}],"replies":[{"embeddable":true,"href":"https:\/\/audoinconsulting.wakemeup-dns.com\/en\/wp-json\/wp\/v2\/comments?post=1079"}],"version-history":[{"count":21,"href":"https:\/\/audoinconsulting.wakemeup-dns.com\/en\/wp-json\/wp\/v2\/pages\/1079\/revisions"}],"predecessor-version":[{"id":1488,"href":"https:\/\/audoinconsulting.wakemeup-dns.com\/en\/wp-json\/wp\/v2\/pages\/1079\/revisions\/1488"}],"wp:attachment":[{"href":"https:\/\/audoinconsulting.wakemeup-dns.com\/en\/wp-json\/wp\/v2\/media?parent=1079"}],"curies":[{"name":"wp","href":"https:\/\/api.w.org\/{rel}","templated":true}]}}